{"id":23229,"date":"2022-03-30T20:47:10","date_gmt":"2022-03-30T18:47:10","guid":{"rendered":"https:\/\/www.thh-friedensau.de\/?page_id=23229"},"modified":"2026-02-18T16:54:46","modified_gmt":"2026-02-18T15:54:46","slug":"masters-in-pastoral-ministry","status":"publish","type":"page","link":"https:\/\/www.thh-friedensau.de\/en\/overview-of-our-study-programs\/theology\/masters-in-pastoral-ministry\/","title":{"rendered":"Pastoral Ministry M.A."},"content":{"rendered":"<div class=\"wpb-content-wrapper\"><p>[vc_row el_class=\"fullwidth\"][vc_column]\n\t <div class=\"rev_slider_wrapper fullwidthbanner-container\">\n\t \t <div id=\"rev_slider_1776672968\" class=\"rev_slider fullwidthabanner \" data-version=\"5.4.5\" style=\"display:none\">\n\t\t <ul>\n\t\t \t[vc_customSlider ct_image=\"24674\" ct_content_down=\"Equipped for Powerful Ministry\"]<strong>Pastoral Ministry M.A.<br \/>\n<\/strong><\/p>\n<p>[\/vc_customSlider]\n\t\t <\/ul>\n\t\t <\/div>\n\t\t<\/div>\n\n\n\t\t<script>\n \t    \/* https:\/\/learn.jquery.com\/using-jquery-core\/document-ready\/ *\/\n \t    var wWidth = jQuery(window).width();\n\t\tif( \/Android|webOS|iPhone|iPad|iPod|BlackBerry|IEMobile|Opera Mini\/i.test(navigator.userAgent) ) {\n\t\t\tvar sliderType = \"carousel\";\n\t\t}\n\t    jQuery(document).ready(function() {\n\t\t\tfunction startSlider() {\n\t\t\t\tjQuery(\"#rev_slider_1776672968\").show().revolution({\n\t\t        \tsliderType: sliderType,\n\n\t\t        \t\/\/ responsive\n\t\t\t\t\tresponsiveLevels: [1240, 1024, 778, 480],\n\t\t        \tgridwidth:[1240, 1024, 778, 480],\n\t\t        \tgridheight:[400, 768, 960, 720],\n\t\t        \tvisibilityLevels:[1240, 1024, 1024, 480],\n\t\t            sliderLayout: \"fullwidth\",\n\t\t            spinner: \"spinner5\",\n\t\t            fullScreenOffset: \"80%\",\n\t\t            minHeight: \"700\",\n\t\t            navigation: {\n\t\t                arrows: {\n\t\t                    enable: false,\n\t\t                    style: \"zeus\",\n\t\t                    hide_onleave: true,\n\t\t                },\n\t\t                bullets: {\n                      enable: true,\n                      style: \"zeus\",\n                      hide_onleave: false,\n                      h_align: \"center\",\n                      v_align: \"bottom\",\n                      h_offset: 0,\n                      v_offset: 50,\n                      space: 10,\n                      tmp: \"<span class=\\\"tp-bullet-inner\\\"><\/span>\",\n\t\t                },\n\t\t                touch: {\n\t \t\t\t\t        touchenabled: \"on\",\n\t\t\t\t\t        swipe_threshold: 75,\n\t\t\t\t\t        swipe_min_touches: 1,\n\t\t\t\t\t        swipe_direction: \"horizontal\",\n\t\t\t\t\t        drag_block_vertical: true\n\n\t\t\t\t\t    }\n\t\t            }\n\t\t        });\n\t\t    }\n\n\t\t\tif (wWidth > 1500) {\n\t\t\t\tjQuery(\".rev-slidebg-img\").each(function() {\n\t\t\t\t\tjQuery(this).attr(\"src\", jQuery(this).attr(\"data-full\"));\n\t\t\t\t});\n\t\t\t}\n\t\t\tif (wWidth <= 1500 && wWidth > 1000) {\n\t\t\t\tjQuery(\".rev-slidebg-img\").each(function() {\n\t\t\t\t\tjQuery(this).attr(\"src\", jQuery(this).attr(\"data-large\"));\n\t\t\t\t});\n\t\t\t}\n\t\t\tif (wWidth <= 1000 && wWidth > 500) {\n\t\t\t\tjQuery(\".rev-slidebg-img\").each(function() {\n\t\t\t\t\tjQuery(this).attr(\"src\", jQuery(this).attr(\"data-large\"));\n\t\t\t\t});\n\t\t\t}\n\n\t\t\tstartSlider();\n\n      \/\/ Einblenden der Bullet Points, wenn mehr als ein Bild ist\n      setTimeout(function() {\n        if (jQuery(\".tp-bullets .tp-bullet\").length > 1) {\n          jQuery(\".tp-bullets\").fadeIn(500);\n        }\n      }, 1500);\n\n\n\t    });\n\t\t\/\/ Positionierung Text-Layer\n\t\tjQuery(window).load(function() {\n\t\t\tjQuery(\".tp-mask-wrap\").each(function() {\n\t\t\t\tjQuery(this).parent().css(\"bottom\", jQuery(this).height() + \"px\");\n\t\t\t});\n\t\t});\n\t<\/script>\n\t[\/vc_column][\/vc_row][vc_row el_class=\"move_top\"][vc_column width=\"2\/3\"][vc_column_text]<\/p>\n<h1><span id=\"page127R_mcid0\" class=\"markedContent\"><span dir=\"ltr\" role=\"presentation\"><strong>Master of Arts<br \/>\n<\/strong><\/span><\/span><span id=\"page127R_mcid0\" class=\"markedContent\"><span dir=\"ltr\" role=\"presentation\"><strong>in Pastoral Ministry<br \/>\n<\/strong><\/span><\/span><\/h1>\n<div>\n<p><strong><span lang=\"EN-US\">This Master\u2019s degree focusing on Pastoral Ministry is a ministry-oriented program that enhances students\u2019 pastoral abilities and deepens their theological foundations. <\/span><\/strong><\/p>\n<\/div>\n<p>[\/vc_column_text][vc_customYoutubeVideo ct_video=\"https:\/\/youtu.be\/JYHQdXMwRNg\" ct_image=\"31300\"][\/vc_column][vc_column width=\"1\/3\"][vc_customButtonbox ct_bgcolor=\"bg_purple\" ct_button=\"Apply now\" ct_link=\"url:https%3A%2F%2Fwww.thh-friedensau.de%2Fen%2Fapplication%2F\"]<\/p>\n<h4><span id=\"page127R_mcid17\" class=\"markedContent\"><span dir=\"ltr\" role=\"presentation\">Application Period<\/span><\/span><span id=\"page127R_mcid19\" class=\"markedContent\"><\/span><\/h4>\n<p><span class=\"markedContent\"><span dir=\"ltr\" role=\"presentation\">For the Winter semester:<\/span><br role=\"presentation\" \/><\/span><\/p>\n<p>Applicants who need visa:<br \/>\nNovember 15 \u2013 March 15<\/p>\n<p>Applicants who do not need visa:<br \/>\nMarch 1 to July 31<\/p>\n<p><span id=\"page127R_mcid19\" class=\"markedContent\"><span dir=\"ltr\" role=\"presentation\">\u00a0<\/span><\/span><\/p>\n<div>\n<h4><span class=\"markedcontent\"><span lang=\"EN-US\">Beginning of the Program <\/span><\/span><\/h4>\n<div><span class=\"markedcontent\"><span lang=\"EN-US\">Winter semester<\/span><\/span><\/div>\n<\/div>\n<h4><span id=\"page127R_mcid21\" class=\"markedContent\"><span dir=\"ltr\" role=\"presentation\">Term Dates<\/span><\/span><\/h4>\n<p><span id=\"page127R_mcid23\" class=\"markedContent\"><span dir=\"ltr\" role=\"presentation\">Winter term: October \u2013 February<\/span><br role=\"presentation\" \/><span dir=\"ltr\" role=\"presentation\">Summer term: March \u2013 September<\/span><\/span><span id=\"page127R_mcid25\" class=\"markedContent\"><\/span><\/p>\n<h4><span id=\"page127R_mcid25\" class=\"markedContent\"><span dir=\"ltr\" role=\"presentation\">Length of the Program<\/span><\/span><\/h4>\n<p><span id=\"page127R_mcid27\" class=\"markedContent\"><span dir=\"ltr\" role=\"presentation\">2 years \/ 4 semesters (120 ECTS credits)<\/span><\/span><span id=\"page127R_mcid29\" class=\"markedContent\"><\/span><\/p>\n<div>\n<p><span class=\"markedcontent\"><span lang=\"EN-US\">1.5 years \/ 3 semesters (90 ECTS credits; only for students coming from institutions with a 4-year BA in Theology program) <\/span><\/span><\/p>\n<\/div>\n<h4><span id=\"page127R_mcid29\" class=\"markedContent\"><span dir=\"ltr\" role=\"presentation\">Degree<\/span><\/span><span id=\"page127R_mcid31\" class=\"markedContent\"><\/span><\/h4>\n<div>\n<p><span lang=\"DE\">Master of Arts in Pastoral Ministry <\/span><\/p>\n<\/div>\n<h4><span id=\"page127R_mcid31\" class=\"markedContent\"><span dir=\"ltr\" role=\"presentation\">Language<\/span><\/span><span id=\"page127R_mcid33\" class=\"markedContent\"><\/span><\/h4>\n<p><span id=\"page127R_mcid33\" class=\"markedContent\"><span dir=\"ltr\" role=\"presentation\">English<\/span><\/span><\/p>\n<h4><span id=\"page127R_mcid33\" class=\"markedContent\"><span dir=\"ltr\" role=\"presentation\">Tuition<\/span><\/span><\/h4>\n<p style=\"font-weight: 400;\">Tuition fees, room, and board may be covered by the Inter-European Division of Seventh-day Adventists.<\/p>\n<h4><span id=\"page127R_mcid33\" class=\"markedContent\"><span dir=\"ltr\" role=\"presentation\">Core Academic Information<\/span><\/span><\/h4>\n<p><a class=\"pdf\" target=\"_blank\" href=\"https:\/\/www.thh-friedensau.de\/content\/uploads\/MPM-Modulhandbuch-2023-EN.pdf\">Module Handbook<\/a><\/p>\n<h4>Flyer Pastoral Ministry<\/h4>\n<p><a class=\"pdf\" target=\"_blank\" href=\"https:\/\/www.thh-friedensau.de\/content\/uploads\/ThHF_Flyer_MPM_web.pdf\">Flyer <\/a>[\/vc_customButtonbox][vc_single_image image=\"36041\" img_size=\"150x150\" alignment=\"center\" onclick=\"custom_link\" img_link_target=\"_blank\" link=\"https:\/\/antrag.akkreditierungsrat.de\/akkrstudiengaenge\/057e6a2a-3a30-4a6a-a4a2-27ea7c031cc9\/\"][\/vc_column][\/vc_row][vc_row el_class=\"bg_gray\"][vc_column width=\"2\/3\"][vc_column_text]<\/p>\n<h2>Program Design and <strong>Core Content<br \/>\n<\/strong><\/h2>\n<p>[\/vc_column_text][vc_column_text]<\/p>\n<div>\n<p>The Master of Arts (Pastoral Ministry) is designed as a <em>two-year, full-time program<\/em><br \/>\n(4 semesters with 120 ECTS credits) and is intended for qualified students from European countries and beyond. Students who already have a 4 year BA in Theology may choose the <em>1.5-year program<\/em> (90 ECTS credits). The language of instruction is English. For details on these two options, click on the MPM120 or the MPM90 button below.<\/p>\n<\/div>\n<p>[\/vc_column_text][vc_column_text]<\/p>\n<div>\n<p>This program is built from blocks called \"modules.\" All the major themes are studied in clusters - each module contains several courses and typically contains only one exam or paper. It is these modules that are graded, not the courses.<\/p>\n<\/div>\n<p>[\/vc_column_text][vc_column_text]Since the ministry and mission orientation is crucial to the entire program, the core modules focus on the areas of Mission Issues and Practices, Church and Society, Church Dynamics, in addition to the more classic fields of Biblical Studies and Exegesis, Systematic Theology, and Church History. Various <span lang=\"EN-US\">electives allow for specializations according to student's areas of interest or their individual requirements in ministry. Each semester a variety of alternating electives is offered, such as Youth Ministry, other areas of Practical Theology, Empirical Methods, and specialized research.<\/span>[\/vc_column_text][vc_row_inner][vc_column_inner width=\"1\/2\"][vc_customSinglebutton ct_button=\"MPM120\" ct_anker=\"#MPM120\"][\/vc_column_inner][vc_column_inner width=\"1\/2\"][vc_customSinglebutton ct_button=\"MPM90\" ct_anker=\"#MPM90\"][\/vc_column_inner][\/vc_row_inner][\/vc_column][vc_column width=\"1\/3\"][vc_column_text]<\/p>\n<h3>Program director:<\/h3>\n<p>[\/vc_column_text][vc_customButton ct_staff=\"Dr. L\u00e1szl\u00f3 Szab\u00f3 #2459\" ct_staffcard=\"gro\u00dfe Karte\"][\/vc_column][\/vc_row][vc_row][vc_column width=\"2\/3\"][\/vc_column][vc_column width=\"1\/3\"][\/vc_column][\/vc_row][vc_row el_id=\"MPM120\"][vc_column width=\"2\/3\"][vc_column_text]<\/p>\n<h2>Details: <strong>&shy;120-Credit Option&shy;<\/strong><\/h2>\n<p>The 4 semester program consists of 8 major modules with 10 credits each, 1 research methods module and 3 elective modules with 5 credits each, plus the Master's thesis with 20 credits, resulting in a total of 120 credits. Each major regular module consists of 3 or 4 courses, plus a research paper, a written examination, or an oral examination. At least 4 research papers, plus an examination sermon are required. The Master's thesis is written during the last semester.[\/vc_column_text][vc_column_text]<em>Modules:<\/em><\/p>\n<ul>\n<li>MPM 01 Issues in Church History<\/li>\n<li>MPM 02 Biblical Studies<\/li>\n<li>MPM 03 Exegetical Methods<\/li>\n<li>MPM 04 Church and Society<\/li>\n<li>MPM 05 Mission Issues and Practices<\/li>\n<li>MPM 06 Adventist Theology in Context<\/li>\n<li>MPM 07 Church Dynamics<\/li>\n<li>MPM 08 Theological Studies<\/li>\n<li>MPM 09 Research Methods<\/li>\n<li>MEL 10 Elective I<\/li>\n<li>MEL 11 Elective II<\/li>\n<li>MEL 12 Elective III<\/li>\n<li><span style=\"font-weight: 400;\">MPM 13 Thesis<\/span><\/li>\n<\/ul>\n<p><em>For more details, see the <a class=\"pdf\" target=\"_blank\" href=\"https:\/\/www.thh-friedensau.de\/content\/uploads\/MPM-Modulhandbuch-2023-EN.pdf\">module handbook<\/a>.<\/em>[\/vc_column_text][\/vc_column][vc_column width=\"1\/3\"][\/vc_column][\/vc_row][vc_row el_id=\"MPM90\"][vc_column width=\"2\/3\"][vc_column_text]<\/p>\n<h2>Details: <strong>&shy;90-Credit Option&shy;<\/strong><\/h2>\n<p>The 3 semester program consists of 7 major modules with 10 credits each, plus the Master's thesis with 20 credits, resulting in a total of 90 credits. Each major regular module consists of 3 or 4 courses, plus a research paper, a written examination, or an oral examination. At least 3 research papers, plus an examination sermon are required. The Master's thesis is written during the last semester.[\/vc_column_text][vc_column_text]<em>Modules:<\/em><\/p>\n<ul>\n<li>MPM 01 Issues in Church History<\/li>\n<li>MPM 03 Exegetical Methods<\/li>\n<li>MPM 04 Church and Society<\/li>\n<li>MPM 05 Mission Issues and Practices<\/li>\n<li>MPM 06 Adventist Theology in Context<\/li>\n<li>MPM 07 Church Dynamics \u00a0\u00a0\u00a0\u00a0 <em>or\u00a0\u00a0\u00a0 <\/em>MPM 08 Theological Studies<\/li>\n<li>MPM 11 History and Theology of Mission\u00a0\u00a0 <em>or\u00a0 <\/em>MPM 12 Independent Studies<\/li>\n<li>MPM 13 Master\u2019s Thesis<\/li>\n<\/ul>\n<p><em>For more details, see the <a class=\"pdf\" target=\"_blank\" href=\"https:\/\/www.thh-friedensau.de\/content\/uploads\/MPM-Modulhandbuch-2023-EN.pdf\">module handbook<\/a>.<\/em>[\/vc_column_text][\/vc_column][vc_column width=\"1\/3\"][\/vc_column][\/vc_row][vc_row el_class=\"bg_gray,space_none\"][vc_column width=\"2\/3\"][vc_column_text]<\/p>\n<h2>Further <strong>&shy;Academic Information&shy;<\/strong><\/h2>\n<p><a class=\"pdf\" target=\"_blank\" href=\"https:\/\/www.thh-friedensau.de\/content\/uploads\/MPM-Modulhandbuch-2023-EN.pdf\">Module Handbook English 2023<\/a><\/p>\n<p><a class=\"pdf\" target=\"_blank\" href=\"https:\/\/www.thh-friedensau.de\/content\/uploads\/MPM-Studienordnung-2023-EN.pdf\">Program Regulations M.A. Pastoral Ministry 2023 - English<\/a><\/p>\n<p><a class=\"pdf\" target=\"_blank\" href=\"https:\/\/www.thh-friedensau.de\/content\/uploads\/MPM-Studienordnung-2023-DE.pdf\">Program Regulations M.A. Pastoral Ministry 2023 - German<\/a><\/p>\n<p><a class=\"pdf\" target=\"_blank\" href=\"https:\/\/www.thh-friedensau.de\/content\/uploads\/RStPO-ThHF-2023-EN.pdf\">General Study and Examination Regulations 2023 (English)<\/a><\/p>\n<p><a class=\"pdf\" target=\"_blank\" href=\"https:\/\/www.thh-friedensau.de\/content\/uploads\/RStPO-ThHF-2023-DE.pdf\">General Study and Examination Regulations 2023<\/a><a class=\"pdf\" target=\"_blank\" href=\"https:\/\/www.thh-friedensau.de\/content\/uploads\/RStPO-ThHF-2023-DE.pdf\"> (German)<\/a>[\/vc_column_text][\/vc_column][vc_column width=\"1\/3\"][vc_customButtonbox ct_icon=\"ausruf.svg\" ct_bgcolor=\"bg_gray\" ct_flyingclass=\"fly\" ct_header=\"Is this Master's for you?\"]<\/p>\n<div>\n<p><span lang=\"EN-US\">The Pastoral Ministry M.A. at Friedensau Adventist University is just the right program for you if you want to train on the Master's level to serve in a European setting - here you can reflect on the challenges of the ministry <\/span><span lang=\"EN-US\">academically and study from an Adventist perspective and within the context of European culture, history, and theology.<\/span><\/p>\n<\/div>\n<p>[\/vc_customButtonbox][\/vc_column][\/vc_row][vc_row el_class=\"bg_gray\"][vc_column][vc_column_text]<\/p>\n<h2>Tuition <strong>&shy;Fees&shy;<\/strong><\/h2>\n<p>Please refer to the <a class=\"pdf\" target=\"_blank\" href=\"https:\/\/www.thh-friedensau.de\/content\/uploads\/Finanzbulletin24-25-MPM-MTS_2-1.pdf\">Financial Bulletin<\/a> for applicable tuition fees.<\/p>\n<p>For qualified students from Austria, Belgium, Bulgaria, the Czech Republic, Germany, Italy, Luxembourg, Portugal, Romania, Spain, Slovakia, and Switzerland, holding a recommendation from their respective church entities (Conferences or Unions), tuition, room, and board will be covered by the Inter-European Division of Seventh-day Adventists. These students are expected to contribute an appropriate amount of work on campus.[\/vc_column_text][\/vc_column][\/vc_row][vc_row el_class=\"space_none\" el_id=\"requirements\"][vc_column][vc_column_text]<\/p>\n<h2><strong>Admission <\/strong>Requirements &amp; Process<\/h2>\n<p>For both options (3 and 4 semesters), a Bachelor's degree (or equivalent) in theology or religion with a final grade of 2.5 according to the German scale is required for admission, as well as intermediate certificates in Greek and Hebrew. Proficiency in the English language (CEFR level B2) is required and certification is to be provided (TOEFL iBT 79 points, IELTS 6.0 points, TOEIC 785 listening and reading points \/ 310 speaking and writing points). A Bachelor's or Master's degree completed in an educational institution with English as a medium of instruction will also be accepted as proof of language proficiency.<\/p>\n<p>For the 3-semester option (90 credits), a Bachelor in theology with 210 or 240 ECTS credits is required.<\/p>\n<p>For details, see the <a class=\"pdf\" target=\"_blank\" href=\"https:\/\/www.thh-friedensau.de\/content\/uploads\/MPM-Studienordnung-2023-EN.pdf\">Program Regulations<\/a>.[\/vc_column_text][vc_column_text]<\/p>\n<h4>Application Process<strong><br \/>\n<\/strong><\/h4>\n<ul>\n<li>Step 1: The applicant submits the complete <a href=\"https:\/\/campusnet.thh-friedensau.de\/scripts\/mgrqispi.dll?APPNAME=CampusNet&amp;PRGNAME=CREATEACCOUNT&amp;ARGUMENTS=-N000000000000002,-N000341,\" target=\"_blank\" rel=\"noopener\">online application<\/a> within the application deadline.<\/li>\n<\/ul>\n<ul>\n<li>Step 2:\u00a0The Admissions Committee and the Finance Committee will examine the application.<\/li>\n<\/ul>\n<ul>\n<li>Step 3: The applicant will be notified by e-mail after the meeting of the Admissions Committee and the Finance Committee.<\/li>\n<\/ul>\n<p>[\/vc_column_text][\/vc_column][\/vc_row][vc_row el_class=\"bg_gray\"][vc_column width=\"1\/3\"][vc_column_text]<strong>Further information (admissions):<\/strong>[\/vc_column_text][vc_customButton ct_staff=\"Irina Heinz #2605\" ct_staffcard=\"gro\u00dfe Karte\"][\/vc_column][vc_column width=\"1\/3\"][vc_column_text]<strong>Further information (program director):<\/strong>[\/vc_column_text][vc_customButton ct_staff=\"Dr. L\u00e1szl\u00f3 Szab\u00f3 #2459\" ct_staffcard=\"gro\u00dfe Karte\"][\/vc_column][vc_column width=\"1\/3\"][vc_column_text]<strong>Further information (other academic matters):<\/strong>[\/vc_column_text][vc_customButton ct_staff=\"Jochen Streit #11301\" ct_staffcard=\"gro\u00dfe Karte\"][\/vc_column][\/vc_row][vc_row][vc_column][vc_column_text]<\/p>\n<h1><strong>&shy;Lecturers \/ Professors&shy;<\/strong><\/h1>\n<p>The following lecturers and professors are actively involved in this program:[\/vc_column_text][\/vc_column][\/vc_row][vc_row][vc_column width=\"1\/3\"][vc_customButton ct_staff=\"Prof. Dr. phil. Roland E. Fischer #2398\" ct_staffcard=\"gro\u00dfe Karte\"][\/vc_column][vc_column width=\"1\/3\"][vc_customButton ct_staff=\"Alexander C. Schulze, Ph.D. #4798\" ct_staffcard=\"gro\u00dfe Karte\"][\/vc_column][vc_column width=\"1\/3\"][vc_customButton ct_staff=\"Dr. L\u00e1szl\u00f3 Szab\u00f3 #4960\" ct_staffcard=\"gro\u00dfe Karte\"][\/vc_column][\/vc_row][vc_row][vc_column width=\"1\/3\"][vc_customButton ct_staff=\"Prof. Martin Klingbeil #30955\" ct_staffcard=\"gro\u00dfe Karte\"][\/vc_column][vc_column width=\"1\/3\"][vc_customButton ct_staff=\"Dr. phil. Kerstin Maiwald #2464\" ct_staffcard=\"gro\u00dfe Karte\"][\/vc_column][vc_column width=\"1\/3\"][vc_customButton ct_staff=\"Dr. theol. Johannes Hartlapp #2487\" ct_staffcard=\"gro\u00dfe Karte\"][\/vc_column][\/vc_row][vc_row][vc_column width=\"1\/3\"][vc_customButton ct_staff=\"Prof. Stefan H\u00f6schele #4556\" ct_staffcard=\"gro\u00dfe Karte\"][\/vc_column][vc_column width=\"1\/3\"][vc_customButton ct_staff=\"Dr. jur. Harald Mueller #6558\" ct_staffcard=\"gro\u00dfe Karte\"][\/vc_column][vc_column width=\"1\/3\"][vc_customButton ct_staff=\"Igor Lorencin | Ph.D. (USA) #2453\" ct_staffcard=\"gro\u00dfe Karte\"][\/vc_column][\/vc_row][vc_row][vc_column width=\"1\/3\"][vc_customButton ct_staff=\"Daniel Heinz | Ph.D. (USA) #4859\" ct_staffcard=\"gro\u00dfe Karte\"][\/vc_column][vc_column width=\"1\/3\"][vc_customButton ct_staff=\"Dr. phil. Bojan Godina #25013\" ct_staffcard=\"gro\u00dfe Karte\"][\/vc_column][vc_column width=\"1\/3\"][\/vc_column][\/vc_row]<\/p>\n<\/div>","protected":false},"excerpt":{"rendered":"<p>[vc_row el_class=&#8221;fullwidth&#8221;][vc_column][\/vc_column][\/vc_row][vc_row el_class=&#8221;move_top&#8221;][vc_column width=&#8221;2\/3&#8243;][vc_column_text] Master of Arts in Pastoral Ministry This Master\u2019s degree focusing on Pastoral Ministry is a ministry-oriented program that enhances students\u2019 pastoral abilities and deepens their theological foundations. [\/vc_column_text][vc_customYoutubeVideo ct_video=&#8221;https:\/\/youtu.be\/JYHQdXMwRNg&#8221; ct_image=&#8221;31300&#8243;][\/vc_column][vc_column width=&#8221;1\/3&#8243;][vc_customButtonbox ct_bgcolor=&#8221;bg_purple&#8221; ct_button=&#8221;Apply now&#8221; ct_link=&#8221;url:https%3A%2F%2Fwww.thh-friedensau.de%2Fen%2Fapplication%2F&#8221;] Application Period For the Winter semester: Applicants who need visa: November 15 \u2013 March 15 Applicants [&hellip;]<\/p>\n","protected":false},"author":52,"featured_media":0,"parent":4593,"menu_order":5,"comment_status":"closed","ping_status":"closed","template":"","meta":{"_acf_changed":false,"footnotes":""},"coauthors":[35,44,29,123,94,105],"class_list":["post-23229","page","type-page","status-publish","hentry"],"acf":[],"_links":{"self":[{"href":"https:\/\/www.thh-friedensau.de\/en\/wp-json\/wp\/v2\/pages\/23229","targetHints":{"allow":["GET"]}}],"collection":[{"href":"https:\/\/www.thh-friedensau.de\/en\/wp-json\/wp\/v2\/pages"}],"about":[{"href":"https:\/\/www.thh-friedensau.de\/en\/wp-json\/wp\/v2\/types\/page"}],"author":[{"embeddable":true,"href":"https:\/\/www.thh-friedensau.de\/en\/wp-json\/wp\/v2\/users\/52"}],"replies":[{"embeddable":true,"href":"https:\/\/www.thh-friedensau.de\/en\/wp-json\/wp\/v2\/comments?post=23229"}],"version-history":[{"count":4,"href":"https:\/\/www.thh-friedensau.de\/en\/wp-json\/wp\/v2\/pages\/23229\/revisions"}],"predecessor-version":[{"id":48912,"href":"https:\/\/www.thh-friedensau.de\/en\/wp-json\/wp\/v2\/pages\/23229\/revisions\/48912"}],"up":[{"embeddable":true,"href":"https:\/\/www.thh-friedensau.de\/en\/wp-json\/wp\/v2\/pages\/4593"}],"wp:attachment":[{"href":"https:\/\/www.thh-friedensau.de\/en\/wp-json\/wp\/v2\/media?parent=23229"}],"wp:term":[{"taxonomy":"author","embeddable":true,"href":"https:\/\/www.thh-friedensau.de\/en\/wp-json\/wp\/v2\/coauthors?post=23229"}],"curies":[{"name":"wp","href":"https:\/\/api.w.org\/{rel}","templated":true}]}}