{"id":28061,"date":"2023-03-06T16:57:36","date_gmt":"2023-03-06T15:57:36","guid":{"rendered":"https:\/\/www.thh-friedensau.de\/?page_id=28061"},"modified":"2023-03-20T14:52:35","modified_gmt":"2023-03-20T13:52:35","slug":"suggestions","status":"publish","type":"page","link":"https:\/\/www.thh-friedensau.de\/en\/suggestions\/","title":{"rendered":"Suggestions"},"content":{"rendered":"<div class=\"wpb-content-wrapper\"><p>[vc_row el_class=\"space_none\"][vc_column][vc_column_text]<\/p>\n<h2><strong>&shy;We are looking for your suggestions for future projects&shy;<\/strong><\/h2>\n<p>For the Forest Run in the coming years, we are looking for project(s) to advocate and fundraise for.<br \/>\nDo you have any suggestions which project would be a good fit? Would you like to apply with your own project?<\/p>\n<p><strong><a href=\"#suggestions\">Please fill out the form below.<\/a><\/strong><\/p>\n<p><span style=\"text-decoration: underline;\">We are able to support proposed projects, which meet the following two requirements:<\/span><\/p>\n<ol>\n<li><strong>The project must be non-profit<\/strong><\/li>\n<li><strong>The project must be located in the Jerichower Land<\/strong><strong>.<\/strong><\/li>\n<\/ol>\n<p>If you have any questions, please do not hesitate to contact us at <script>em(\"wa&#108;&#100;lauf\", \"&#102;&#114;&#105;&#101;d&#101;ns&#097;&#117;\", \"d&#101;\")<\/script>.[\/vc_column_text][\/vc_column][\/vc_row][vc_row el_class=\"bg_gray\" el_id=\"suggestions\"][vc_column][vc_column_text]<\/p>\n<h3>Here you can send us your project suggestions<\/h3>\n<div class=\"everest-forms\"><script type='text\/javascript'>\n\/* <![CDATA[ *\/\nvar evf_settings = {\"currency_code\":\"EUR\",\"currency_thousands\":\".\",\"currency_decimal\":\",\",\"currency_symbol\":\"\\u20ac\",\"currency_symbol_pos\":\"right\"}\n\/* ]]> *\/\n<\/script>\n<div class=\"evf-container default\" id=\"evf-27703\"><form id=\"evf-form-27703\" class=\"everest-form\" data-formid=\"27703\" data-ajax_submission=\"0\" data-keyboard_friendly_form=\"0\" data-form_state_type=\"\" method=\"post\" enctype=\"multipart\/form-data\" action=\"\/en\/wp-json\/wp\/v2\/pages\/28061\"><div class=\"evf-field-container\"><input type=\"hidden\" id=\"_wpnonce27703\" name=\"_wpnonce27703\" value=\"37156d1e4f\" \/><input type=\"hidden\" name=\"_wp_http_referer\" value=\"\/en\/wp-json\/wp\/v2\/pages\/28061\" \/><div class=\"evf-frontend-row\" data-row=\"row_6\" conditional_rules=\"[]\"><div class=\"evf-frontend-grid evf-grid-2\" data-grid=\"grid_1\"><div id=\"evf-27703-field_zNkFBDEPNj-5-container\" class=\"evf-field evf-field-last-name form-row validate-required\" data-required-field-message=\"Pflichtangabe \/\/ Required\" data-field-id=\"zNkFBDEPNj-5\"><label class=\"evf-field-label evf-label-hide\" for=\"evf-27703-field_zNkFBDEPNj-5\"><span class=\"evf-label\">Vorname*<\/span> <abbr class=\"required\" title=\"Required\">*<\/abbr><\/label><input type=\"text\" id=\"evf-27703-field_zNkFBDEPNj-5\" class=\"input-text\" name=\"everest_forms[form_fields][zNkFBDEPNj-5]\" placeholder=\"Vorname* \/\/ Firstname*\" conditional_id=\"zNkFBDEPNj-5\" required><\/div><div id=\"evf-27703-field_nglnzmikhJ-30-container\" class=\"evf-field evf-field-last-name form-row validate-required\" data-required-field-message=\"Pflichtangabe \/\/ Required\" data-field-id=\"nglnzmikhJ-30\"><label class=\"evf-field-label evf-label-hide\" for=\"evf-27703-field_nglnzmikhJ-30\"><span class=\"evf-label\">Nachname*<\/span> <abbr class=\"required\" title=\"Required\">*<\/abbr><\/label><input type=\"text\" id=\"evf-27703-field_nglnzmikhJ-30\" class=\"input-text\" name=\"everest_forms[form_fields][nglnzmikhJ-30]\" placeholder=\"Nachname* \/\/ Lastname*\" conditional_id=\"nglnzmikhJ-30\" required><\/div><\/div><div class=\"evf-frontend-grid evf-grid-2\" data-grid=\"grid_2\"><div id=\"evf-27703-field_email-container\" class=\"evf-field evf-field-email form-row validate-required validate-email\" data-required-field-message=\"Bitte geben Sie eine E-Mail-Adresse ein \/\/ Please enter a valid email address.\" data-field-id=\"email\"><label class=\"evf-field-label evf-label-hide\" for=\"evf-27703-field_email\"><span class=\"evf-label\">Email<\/span> <abbr class=\"required\" title=\"Required\">*<\/abbr><\/label><input type=\"email\" id=\"evf-27703-field_email\" class=\"input-text\" name=\"everest_forms[form_fields][email]\" placeholder=\"E-Mail-Adresse* \/\/ Email address*\" conditional_id=\"email\" required ><\/div><div id=\"evf-27703-field_cqmB9ko4Bv-31-container\" class=\"evf-field evf-field-last-name form-row\" data-field-id=\"cqmB9ko4Bv-31\"><label class=\"evf-field-label evf-label-hide\" for=\"evf-27703-field_cqmB9ko4Bv-31\"><span class=\"evf-label\">Telefon<\/span> <\/label><input type=\"text\" id=\"evf-27703-field_cqmB9ko4Bv-31\" class=\"input-text\" name=\"everest_forms[form_fields][cqmB9ko4Bv-31]\" placeholder=\"Telefonnummer \/\/ Phone\" conditional_id=\"cqmB9ko4Bv-31\" ><\/div><\/div><\/div><div class=\"evf-frontend-row\" data-row=\"row_2\" conditional_rules=\"[]\"><div class=\"evf-frontend-grid evf-grid-1\" data-grid=\"grid_1\"><div id=\"evf-27703-field_1Svaun2mKd-28-container\" class=\"evf-field evf-field-text form-row validate-required everest-forms-conditional-field\" data-required-field-message=\"Plichtangabe \/\/ Required\" data-field-id=\"1Svaun2mKd-28\"><label class=\"evf-field-label\" for=\"evf-27703-field_1Svaun2mKd-28\"><span class=\"evf-label\">Name des Projekts \/\/ Name of the project<\/span> <abbr class=\"required\" title=\"Required\">*<\/abbr><\/label><input type=\"text\" id=\"evf-27703-field_1Svaun2mKd-28\" class=\"input-text\" name=\"everest_forms[form_fields][1Svaun2mKd-28]\" conditional_id=\"1Svaun2mKd-28\" conditional_rules=\"{&quot;conditional_option&quot;:&quot;hide&quot;,&quot;conditionals&quot;:{&quot;1&quot;:{&quot;1&quot;:{&quot;field&quot;:&quot;0ajXsDRyWi-38&quot;,&quot;operator&quot;:&quot;is&quot;,&quot;value&quot;:&quot;---Select Option---&quot;}},&quot;2&quot;:{&quot;1&quot;:{&quot;field&quot;:&quot;o6aCFsQRQX-39&quot;,&quot;operator&quot;:&quot;is&quot;,&quot;value&quot;:&quot;---Select Option---&quot;}}},&quot;required&quot;:&quot;1&quot;}\" required><\/div><\/div><\/div><div class=\"evf-frontend-row\" data-row=\"row_7\" conditional_rules=\"[]\"><div class=\"evf-frontend-grid evf-grid-2\" data-grid=\"grid_1\"><div id=\"evf-27703-field_0ajXsDRyWi-38-container\" class=\"evf-field evf-field-radio form-row validate-required everest-forms-trigger-conditional everest-forms-trigger-conditional\" data-required-field-message=\"Pflichtangabe \/\/ Required\" data-field-id=\"0ajXsDRyWi-38\"><label class=\"evf-field-label\" for=\"evf-27703-field_0ajXsDRyWi-38\"><span class=\"evf-label\">Gemeinnn\u00fctzigeit \/\/ Charitable Status<\/span> <abbr class=\"required\" title=\"Required\">*<\/abbr><\/label><ul id=\"evf-27703-field_0ajXsDRyWi-38\" class=\" evf-field-required\"><li class=\"choice-1 depth-1\"><input type=\"radio\" id=\"evf-27703-field_0ajXsDRyWi-38_1\" class=\"input-text\" name=\"everest_forms[form_fields][0ajXsDRyWi-38]\" value=\"Ja, das vorgeschlagene Projekt ist gemeinn\u00fctzig \/\/ Yes, the suggested project is a non-profit\" conditional_id=\"0ajXsDRyWi-38\" required ><label class=\"everest-forms-field-label-inline\" for=\"evf-27703-field_0ajXsDRyWi-38_1\">Ja, das vorgeschlagene Projekt ist gemeinn\u00fctzig \/\/ Yes, the suggested project is a non-profit<\/label><\/li><li class=\"choice-2 depth-1\"><input type=\"radio\" id=\"evf-27703-field_0ajXsDRyWi-38_2\" class=\"input-text\" name=\"everest_forms[form_fields][0ajXsDRyWi-38]\" value=\"Nein, das vorgeschlagene Projekt ist NICHT gemeinn\u00fctzig \/\/ No, the suggested project is NOT charitable\" conditional_id=\"0ajXsDRyWi-38\" required ><label class=\"everest-forms-field-label-inline\" for=\"evf-27703-field_0ajXsDRyWi-38_2\">Nein, das vorgeschlagene Projekt ist NICHT gemeinn\u00fctzig \/\/ No, the suggested project is NOT charitable<\/label><\/li><\/ul><\/div><div id=\"evf-27703-field_BkDRHcKx39-37-container\" class=\"evf-field evf-field-html form-row everest-forms-conditional-field\" data-field-id=\"BkDRHcKx39-37\"><div id=\"evf-27703-field_BkDRHcKx39-37\" class=\"input-text\" conditional_id=\"BkDRHcKx39-37\" conditional_rules=\"{&quot;conditional_option&quot;:&quot;show&quot;,&quot;conditionals&quot;:{&quot;1&quot;:{&quot;1&quot;:{&quot;field&quot;:&quot;0ajXsDRyWi-38&quot;,&quot;operator&quot;:&quot;is&quot;,&quot;value&quot;:&quot;Nein, das vorgeschlagene Projekt ist NICHT gemeinn\\u00fctzig \\\/\\\/ No, the suggested project is NOT charitable&quot;}}},&quot;required&quot;:0}\"><p><font size=\"3\">Es tut uns leid, wir k\u00f6nnen nur gemeinn\u00fctzige Projekte unterst\u00fctzen. <\/p><p>We are sorry, we can only support charitable projects.<\/p><\/div><\/div><\/div><div class=\"evf-frontend-grid evf-grid-2\" data-grid=\"grid_2\"><div id=\"evf-27703-field_o6aCFsQRQX-39-container\" class=\"evf-field evf-field-radio form-row validate-required everest-forms-trigger-conditional everest-forms-trigger-conditional\" data-required-field-message=\"Pflichtangabe \/\/ Required\" data-field-id=\"o6aCFsQRQX-39\"><label class=\"evf-field-label\" for=\"evf-27703-field_o6aCFsQRQX-39\"><span class=\"evf-label\">Projektstandort \/\/ Project Location<\/span> <abbr class=\"required\" title=\"Required\">*<\/abbr><\/label><ul id=\"evf-27703-field_o6aCFsQRQX-39\" class=\" evf-field-required\"><li class=\"choice-1 depth-1\"><input type=\"radio\" id=\"evf-27703-field_o6aCFsQRQX-39_1\" class=\"input-text\" name=\"everest_forms[form_fields][o6aCFsQRQX-39]\" value=\"Im Jerichower Land ans\u00e4ssig \/\/ Based in Jerichower Land\" conditional_id=\"o6aCFsQRQX-39\" required ><label class=\"everest-forms-field-label-inline\" for=\"evf-27703-field_o6aCFsQRQX-39_1\">Im Jerichower Land ans\u00e4ssig \/\/ Based in Jerichower Land<\/label><\/li><li class=\"choice-2 depth-1\"><input type=\"radio\" id=\"evf-27703-field_o6aCFsQRQX-39_2\" class=\"input-text\" name=\"everest_forms[form_fields][o6aCFsQRQX-39]\" value=\"NICHT im Jerichower Land ans\u00e4ssig \/\/ NOT based in Jerichower Land\" conditional_id=\"o6aCFsQRQX-39\" required ><label class=\"everest-forms-field-label-inline\" for=\"evf-27703-field_o6aCFsQRQX-39_2\">NICHT im Jerichower Land ans\u00e4ssig \/\/ NOT based in Jerichower Land<\/label><\/li><\/ul><\/div><div id=\"evf-27703-field_g7bDuXtD1F-40-container\" class=\"evf-field evf-field-html form-row everest-forms-conditional-field\" data-field-id=\"g7bDuXtD1F-40\"><div id=\"evf-27703-field_g7bDuXtD1F-40\" class=\"input-text\" conditional_id=\"g7bDuXtD1F-40\" conditional_rules=\"{&quot;conditional_option&quot;:&quot;show&quot;,&quot;conditionals&quot;:{&quot;1&quot;:{&quot;1&quot;:{&quot;field&quot;:&quot;o6aCFsQRQX-39&quot;,&quot;operator&quot;:&quot;is&quot;,&quot;value&quot;:&quot;NICHT im Jerichower Land ans\\u00e4ssig \\\/\\\/ NOT based in Jerichower Land&quot;}}},&quot;required&quot;:0}\"><p><font size=\"3\">Es tut uns leid, wir k\u00f6nnen nur Projekte aus dem Jerichower Land unterst\u00fctzen.<\/p><p>We are sorry, we can only support projects from the Jerichower Land.<\/p><\/div><\/div><\/div><\/div><div class=\"evf-frontend-row\" data-row=\"row_1\" conditional_rules=\"[]\"><div class=\"evf-frontend-grid evf-grid-1\" data-grid=\"grid_1\"><div id=\"evf-27703-field_message-container\" class=\"evf-field evf-field-textarea form-row validate-required everest-forms-conditional-field\" data-required-field-message=\"Pflichtfeld\" data-field-id=\"message\"><label class=\"evf-field-label\" for=\"evf-27703-field_message\"><span class=\"evf-label\">Bitte stellen Sie das Projekt kurz vor und schildern Sie in einigen Worten, wieso es aus Ihrer Sicht unterst\u00fctzt werden sollte. \/\/ Please briefly introduce the project and describe in a few words why you think it should be supported.<\/span> <abbr class=\"required\" title=\"Required\">*<\/abbr><\/label><textarea id=\"evf-27703-field_message\" class=\"input-text\" name=\"everest_forms[form_fields][message]\" conditional_id=\"message\" conditional_rules=\"{&quot;conditional_option&quot;:&quot;hide&quot;,&quot;conditionals&quot;:{&quot;1&quot;:{&quot;1&quot;:{&quot;field&quot;:&quot;0ajXsDRyWi-38&quot;,&quot;operator&quot;:&quot;is&quot;,&quot;value&quot;:&quot;Nein, das vorgeschlagene Projekt ist NICHT gemeinn\\u00fctzig \\\/\\\/ No, the suggested project is NOT charitable&quot;}},&quot;2&quot;:{&quot;1&quot;:{&quot;field&quot;:&quot;o6aCFsQRQX-39&quot;,&quot;operator&quot;:&quot;is&quot;,&quot;value&quot;:&quot;NICHT im Jerichower Land ans\\u00e4ssig \\\/\\\/ NOT based in Jerichower Land&quot;}}},&quot;required&quot;:&quot;1&quot;}\" required ><\/textarea><\/div><\/div><\/div><div class=\"evf-frontend-row\" data-row=\"row_5\" conditional_rules=\"[]\"><div class=\"evf-frontend-grid evf-grid-2\" data-grid=\"grid_1\"><div id=\"evf-27703-field_udvMmVLFdY-10-container\" class=\"evf-field evf-field-checkbox form-row validate-required everest-forms-conditional-field\" data-required-field-message=\"Plichtfeld\" data-field-id=\"udvMmVLFdY-10\"><label class=\"evf-field-label evf-label-hide\" for=\"evf-27703-field_udvMmVLFdY-10\"><span class=\"evf-label\">Datenschutzerkl\u00e4rung<\/span> <abbr class=\"required\" title=\"Required\">*<\/abbr><\/label><ul id=\"evf-27703-field_udvMmVLFdY-10\" class=\" evf-field-required\"><li class=\"choice-1 depth-1\"><input type=\"checkbox\" id=\"evf-27703-field_udvMmVLFdY-10_1\" class=\"input-text\" name=\"everest_forms[form_fields][udvMmVLFdY-10][]\" value=\"&lt;p&gt;* Ich habe die Datenschutzerkl\u00e4rung zur Kenntnis genommen. Ich stimme zu, dass meine Angaben und Daten zur Beantwortung meiner Anfrage elektronisch erhoben und gespeichert werden.&lt;\/p&gt;&lt;p&gt;I have taken note of the privacy policy. I agree that my details and data may be collected and stored electronically in order to respond to my enquiry.&lt;\/p&gt;\" conditional_id=\"udvMmVLFdY-10\" conditional_rules=\"{&quot;conditional_option&quot;:&quot;hide&quot;,&quot;conditionals&quot;:{&quot;1&quot;:{&quot;1&quot;:{&quot;field&quot;:&quot;0ajXsDRyWi-38&quot;,&quot;operator&quot;:&quot;is&quot;,&quot;value&quot;:&quot;Nein, das vorgeschlagene Projekt ist NICHT gemeinn\\u00fctzig \\\/\\\/ No, the suggested project is NOT charitable&quot;}},&quot;2&quot;:{&quot;1&quot;:{&quot;field&quot;:&quot;o6aCFsQRQX-39&quot;,&quot;operator&quot;:&quot;is&quot;,&quot;value&quot;:&quot;NICHT im Jerichower Land ans\\u00e4ssig \\\/\\\/ NOT based in Jerichower Land&quot;}}},&quot;required&quot;:&quot;1&quot;}\" required ><label class=\"everest-forms-field-label-inline\" for=\"evf-27703-field_udvMmVLFdY-10_1\"><p>* Ich habe die Datenschutzerkl\u00e4rung zur Kenntnis genommen. Ich stimme zu, dass meine Angaben und Daten zur Beantwortung meiner Anfrage elektronisch erhoben und gespeichert werden.<\/p><p>I have taken note of the privacy policy. I agree that my details and data may be collected and stored electronically in order to respond to my enquiry.<\/p><\/label><\/li><\/ul><\/div><\/div><div class=\"evf-frontend-grid evf-grid-2\" data-grid=\"grid_2\"><div id=\"evf-27703-field_xiYaTl7aIr-41-container\" class=\"evf-field evf-field-captcha form-row validate-required\" data-required-field-message=\"Diese Angabe ist notwendig.\" data-field-id=\"xiYaTl7aIr-41\"><label class=\"evf-field-label\" for=\"evf-27703-field_xiYaTl7aIr-41\"><span class=\"evf-label\">Captcha<\/span> <abbr class=\"required\" title=\"Required\">*<\/abbr><\/label>\t\t\t<div class=\"everest-forms-captcha-math\">\r\n\t\t\t\t<span class=\"everest-forms-captcha-equation\">\r\n\t\t\t\t\t<span class=\"n1\"><\/span>\r\n\t\t\t\t\t<span class=\"cal\"><\/span>\r\n\t\t\t\t\t<span class=\"n2\"><\/span>\r\n\t\t\t\t\t<span class=\"e\">=<\/span>\r\n\t\t\t\t<\/span>\r\n\t\t\t\t<input type=\"text\" id=\"evf-27703-field_xiYaTl7aIr-41\" class=\"input-text a\" data-rule-evf-captcha=\"math\" name=\"everest_forms[form_fields][xiYaTl7aIr-41][a]\" conditional_id=\"xiYaTl7aIr-41\" required>\t\t\t\t<input type=\"hidden\" name=\"everest_forms[form_fields][xiYaTl7aIr-41][cal]\" class=\"cal\">\r\n\t\t\t\t<input type=\"hidden\" name=\"everest_forms[form_fields][xiYaTl7aIr-41][n2]\" class=\"n2\">\r\n\t\t\t\t<input type=\"hidden\" name=\"everest_forms[form_fields][xiYaTl7aIr-41][n1]\" class=\"n1\">\r\n\t\t\t<\/div>\r\n\t\t\t<div class=\"evf-field-description\">Formulare sind beliebte Einfallstore f\u00fcr Hacker\/Bots. Bitte l\u00f6sen Sie die obenstehende Aufgabe damit wir sicher gehen k\u00f6nnen, dass Sie ein Mensch sind. Danke! Forms are popular gates for hackers\/bots. Please solve the task above so that we can be sure that you are a person. Thanks!<\/div><\/div><\/div><\/div><\/div><div class=\"evf-honeypot-container evf-field-hp\"><label for=\"evf-27703-field-hp\" class=\"evf-field-label\">Email<\/label><input type=\"text\" name=\"everest_forms[hp]\" id=\"evf-27703-field-hp\" class=\"input-text\"><\/div><div class=\"evf-submit-container \" ><input type=\"hidden\" name=\"everest_forms[id]\" value=\"27703\"><input type=\"hidden\" name=\"everest_forms[author]\" value=\"121\"><button type='submit' name='everest_forms[submit]' class='everest-forms-submit-button button evf-submit ' id='evf-submit-27703' value='evf-submit' data-process-text=\"Processing\u2026\" conditional_rules='{&quot;conditional_option&quot;:&quot;hide&quot;,&quot;conditionals&quot;:{&quot;1&quot;:{&quot;1&quot;:{&quot;field&quot;:&quot;0ajXsDRyWi-38&quot;,&quot;operator&quot;:&quot;is&quot;,&quot;value&quot;:&quot;---Select Option---&quot;}},&quot;2&quot;:{&quot;1&quot;:{&quot;field&quot;:&quot;o6aCFsQRQX-39&quot;,&quot;operator&quot;:&quot;is&quot;,&quot;value&quot;:&quot;---Select Option---&quot;}}}}' conditional_id='evf-submit-27703' id=\"evf-submit-27703\" aria-live=\"assertive\">Vorschlag einsenden<\/button><\/div><\/form><\/div><\/div>[\/vc_column_text][\/vc_column][\/vc_row]<\/p>\n<\/div>","protected":false},"excerpt":{"rendered":"<p>[vc_row el_class=&#8221;space_none&#8221;][vc_column][vc_column_text] &shy;We are looking for your suggestions for future projects&shy; For the Forest Run in the coming years, we are looking for project(s) to advocate and fundraise for. Do you have any suggestions which project would be a good fit? Would you like to apply with your own project? Please fill out the form [&hellip;]<\/p>\n","protected":false},"author":121,"featured_media":0,"parent":0,"menu_order":7,"comment_status":"closed","ping_status":"closed","template":"","meta":{"_acf_changed":false,"footnotes":""},"coauthors":[145],"class_list":["post-28061","page","type-page","status-publish","hentry"],"acf":[],"_links":{"self":[{"href":"https:\/\/www.thh-friedensau.de\/en\/wp-json\/wp\/v2\/pages\/28061","targetHints":{"allow":["GET"]}}],"collection":[{"href":"https:\/\/www.thh-friedensau.de\/en\/wp-json\/wp\/v2\/pages"}],"about":[{"href":"https:\/\/www.thh-friedensau.de\/en\/wp-json\/wp\/v2\/types\/page"}],"author":[{"embeddable":true,"href":"https:\/\/www.thh-friedensau.de\/en\/wp-json\/wp\/v2\/users\/121"}],"replies":[{"embeddable":true,"href":"https:\/\/www.thh-friedensau.de\/en\/wp-json\/wp\/v2\/comments?post=28061"}],"version-history":[{"count":0,"href":"https:\/\/www.thh-friedensau.de\/en\/wp-json\/wp\/v2\/pages\/28061\/revisions"}],"wp:attachment":[{"href":"https:\/\/www.thh-friedensau.de\/en\/wp-json\/wp\/v2\/media?parent=28061"}],"wp:term":[{"taxonomy":"author","embeddable":true,"href":"https:\/\/www.thh-friedensau.de\/en\/wp-json\/wp\/v2\/coauthors?post=28061"}],"curies":[{"name":"wp","href":"https:\/\/api.w.org\/{rel}","templated":true}]}}