{"id":33398,"date":"2023-11-28T11:41:18","date_gmt":"2023-11-28T10:41:18","guid":{"rendered":"https:\/\/www.thh-friedensau.de\/?page_id=33398"},"modified":"2025-09-22T15:48:10","modified_gmt":"2025-09-22T13:48:10","slug":"33398-2","status":"publish","type":"page","link":"https:\/\/www.thh-friedensau.de\/en\/overview-of-our-study-programs\/theology\/33398-2\/","title":{"rendered":"Bachelor of Arts Theologie"},"content":{"rendered":"<div class=\"wpb-content-wrapper\"><p>[vc_row el_class=\"fullwidth\"][vc_column]\n\t <div class=\"rev_slider_wrapper fullwidthbanner-container\">\n\t \t <div id=\"rev_slider_1776853286\" class=\"rev_slider fullwidthabanner \" data-version=\"5.4.5\" style=\"display:none\">\n\t\t <ul>\n\t\t \t[vc_customSlider ct_content_over=\"Pastorin oder Pastor werden\" ct_image=\"24650\"]<\/p>\n<p style=\"text-align: left;\">Bachelor of Arts <strong>Theologie<\/strong><\/p>\n<p>[\/vc_customSlider]\n\t\t <\/ul>\n\t\t <\/div>\n\t\t<\/div>\n\n\n\t\t<script>\n \t    \/* https:\/\/learn.jquery.com\/using-jquery-core\/document-ready\/ *\/\n \t    var wWidth = jQuery(window).width();\n\t\tif( \/Android|webOS|iPhone|iPad|iPod|BlackBerry|IEMobile|Opera Mini\/i.test(navigator.userAgent) ) {\n\t\t\tvar sliderType = \"carousel\";\n\t\t}\n\t    jQuery(document).ready(function() {\n\t\t\tfunction startSlider() {\n\t\t\t\tjQuery(\"#rev_slider_1776853286\").show().revolution({\n\t\t        \tsliderType: sliderType,\n\n\t\t        \t\/\/ responsive\n\t\t\t\t\tresponsiveLevels: [1240, 1024, 778, 480],\n\t\t        \tgridwidth:[1240, 1024, 778, 480],\n\t\t        \tgridheight:[400, 768, 960, 720],\n\t\t        \tvisibilityLevels:[1240, 1024, 1024, 480],\n\t\t            sliderLayout: \"fullwidth\",\n\t\t            spinner: \"spinner5\",\n\t\t            fullScreenOffset: \"80%\",\n\t\t            minHeight: \"700\",\n\t\t            navigation: {\n\t\t                arrows: {\n\t\t                    enable: false,\n\t\t                    style: \"zeus\",\n\t\t                    hide_onleave: true,\n\t\t                },\n\t\t                bullets: {\n                      enable: true,\n                      style: \"zeus\",\n                      hide_onleave: false,\n                      h_align: \"center\",\n                      v_align: \"bottom\",\n                      h_offset: 0,\n                      v_offset: 50,\n                      space: 10,\n                      tmp: \"<span class=\\\"tp-bullet-inner\\\"><\/span>\",\n\t\t                },\n\t\t                touch: {\n\t \t\t\t\t        touchenabled: \"on\",\n\t\t\t\t\t        swipe_threshold: 75,\n\t\t\t\t\t        swipe_min_touches: 1,\n\t\t\t\t\t        swipe_direction: \"horizontal\",\n\t\t\t\t\t        drag_block_vertical: true\n\n\t\t\t\t\t    }\n\t\t            }\n\t\t        });\n\t\t    }\n\n\t\t\tif (wWidth > 1500) {\n\t\t\t\tjQuery(\".rev-slidebg-img\").each(function() {\n\t\t\t\t\tjQuery(this).attr(\"src\", jQuery(this).attr(\"data-full\"));\n\t\t\t\t});\n\t\t\t}\n\t\t\tif (wWidth <= 1500 && wWidth > 1000) {\n\t\t\t\tjQuery(\".rev-slidebg-img\").each(function() {\n\t\t\t\t\tjQuery(this).attr(\"src\", jQuery(this).attr(\"data-large\"));\n\t\t\t\t});\n\t\t\t}\n\t\t\tif (wWidth <= 1000 && wWidth > 500) {\n\t\t\t\tjQuery(\".rev-slidebg-img\").each(function() {\n\t\t\t\t\tjQuery(this).attr(\"src\", jQuery(this).attr(\"data-large\"));\n\t\t\t\t});\n\t\t\t}\n\n\t\t\tstartSlider();\n\n      \/\/ Einblenden der Bullet Points, wenn mehr als ein Bild ist\n      setTimeout(function() {\n        if (jQuery(\".tp-bullets .tp-bullet\").length > 1) {\n          jQuery(\".tp-bullets\").fadeIn(500);\n        }\n      }, 1500);\n\n\n\t    });\n\t\t\/\/ Positionierung Text-Layer\n\t\tjQuery(window).load(function() {\n\t\t\tjQuery(\".tp-mask-wrap\").each(function() {\n\t\t\t\tjQuery(this).parent().css(\"bottom\", jQuery(this).height() + \"px\");\n\t\t\t});\n\t\t});\n\t<\/script>\n\t[\/vc_column][\/vc_row][vc_row el_class=\"move_top\"][vc_column width=\"2\/3\"][vc_column_text]<\/p>\n<h1>Bachelor of Arts <strong>&shy;Theologie&shy;<\/strong><\/h1>\n<p><strong>Der Studiengang Bachelor of Arts Theologie richtet sich an alle, die den Wunsch haben, auf christlichem Fundament mit Menschen zu arbeiten und den christlichen Glauben eingehend zu erforschen. Wer Theologie studiert, wird im Beruf andere auf ihren individuellen Lebenswegen begleiten oder Gemeinden und kirchliche Gruppen kompetent unterst\u00fctzen. Neben pers\u00f6nlicher Reife bedarf es dazu fachlicher und methodischer Kenntnisse, die dieses Studium vermittelt. Das geschieht durch die Begegnung mit den alten Sprachen, durch Einf\u00fchrung in exegetische Methoden, durch systematisch-theologische, historische und praktisch-theologische Studien, durch studienbegleitende Praktika und das gemeinsame Leben auf dem Campus.<\/strong>[\/vc_column_text][vc_customYoutubeVideo ct_video=\"https:\/\/youtu.be\/9P0wPAL-9p8\"][vc_column_text]<span class=\"style-scope yt-formatted-string\" dir=\"auto\">Philip, Theologie-Student\u00a0 im Masterstudiengang, beschreibt den Studiengang Theologie, der ihm den Weg zum Pastor ebnet<\/span>.[\/vc_column_text][vc_column_text]Das Studium ist auch f\u00fcr jene interessant, die ein Grundlagenstudium im Bereich der Theologie anstreben, entweder aus pers\u00f6nlichem Interesse oder um danach das Studium in einem anderen Studiengang fortzusetzen. Der Bachelorabschluss ist ein universit\u00e4rer Grad und darf dem Namen hinzugef\u00fcgt werden. Gleichzeitig ist er auch ein erster berufsqualifizierender Abschluss. Er bef\u00e4higt in manchen Organisationen zu Berufen wie Pastoralreferent\/in, Diakon\/in, Pastoralassistent\/in; in manchen L\u00e4ndern auch zum Dienst als Pastorin oder Pastor.<\/p>\n<p>Der erfolgreiche Abschluss des Studiengangs Bachelor of Arts Theologie ist eine der Voraussetzungen, um als Pastoralassistentin oder Pastoralassistent in der Freikirche der Siebenten-Tags-Adventisten arbeiten zu k\u00f6nnen. An den Bachelor schlie\u00dft sich in der Regel der Masterstudiengang Theologie an, dessen erfolgreicher Abschluss in Deutschland f\u00fcr den Pastorenberuf n\u00f6tig ist.[\/vc_column_text][\/vc_column][vc_column width=\"1\/3\"][vc_customButtonbox ct_pagelink=\"Bewerbung #310\" ct_bgcolor=\"bg_purple\" ct_button=\"Bewerbungsinformationen\" ct_link=\"|||\"]<\/p>\n<h4>Bewerbungszeitraum<\/h4>\n<p>Zulassungen nur zum Wintersemester:<br \/>\n1. April \u2013 31. August<\/p>\n<h4>Semesterbeginn<\/h4>\n<p>Wintersemester<\/p>\n<h4>Studienzeit<\/h4>\n<p>6 Semester Regelstudienzeit; f\u00fcr das Erlernen der biblischen Sprachen werden in der Regel zwei weitere Semester gebraucht.<\/p>\n<h4>Studienform<\/h4>\n<p>Vollzeit<\/p>\n<h4>Abschluss<\/h4>\n<p>Bachelor of Arts Theologie<\/p>\n<h4>Sprache des Studiengangs<\/h4>\n<p>Deutsch<\/p>\n<h4>Studiengeb\u00fchren<\/h4>\n<p><a href=\"https:\/\/www.thh-friedensau.de\/studiengebuehrenbefreit\/\">Seit 2022 studiengeb\u00fchrenfrei<\/a>.<\/p>\n<p>Allgemeine Finanzinformationen <a class=\"pdf\" target=\"_blank\" href=\"https:\/\/www.thh-friedensau.de\/content\/uploads\/Finanzbulletin2025-26DE.pdf\">Finanzbulletin<\/a>[\/vc_customButtonbox][vc_customYoutubeVideo ct_video=\"https:\/\/youtu.be\/jpcSBcHgVVM\"][\/vc_column][\/vc_row][vc_row el_class=\"bg_gray\"][vc_column width=\"2\/3\"][vc_column_text]<\/p>\n<h2>Studien<strong>&shy;inhalte&shy;<\/strong><\/h2>\n<p>Das Studium ist modular aufgebaut. Ein Modul besteht aus mehreren Lehrveranstaltungen, die zu einem Themenblock zusammengefasst werden. Die Module erstrecken sich in der Regel \u00fcber ein Semester oder ein Studienjahr. Die Leistungsnachweise in den einzelnen Veranstaltungen sind Voraussetzung f\u00fcr die Modulnote, die als Gesamtnote vergeben wird.<\/p>\n<p>Die Studieninhalte erstrecken sich \u00fcber das gesamte Gebiet der Theologie und gliedern sich in die folgenden Bereiche:<\/p>\n<ul>\n<li><a href=\"https:\/\/www.thh-friedensau.de\/uebersicht-der-studiengaenge\/weiterbildung\/sprachkurs\/\">Biblische Sprachen (Griechisch und Hebr\u00e4isch<\/a>); Latein<\/li>\n<li>Altes Testament (von der Geschichte Israels bis zur Theologie der Propheten)<\/li>\n<li>Neues Testament (vom Leben Jesu bis zur Theologie der fr\u00fchen Gemeinde)<\/li>\n<li>Systematische Theologie (von den Grundlagen christlicher Lehre bis zu ihrer Begr\u00fcndung f\u00fcr heute)<\/li>\n<li>Historische Theologie (vom Werden der Kirche bis zu ihren heutigen Entwicklungen)<\/li>\n<li>Praktische Theologie (von der Verk\u00fcndigung bis zur Seelsorge)<\/li>\n<li>Mission und Gemeindeaufbau (vom Leiten der Gemeinde bis zum Verstehen der Gemeinde-Umwelt)<\/li>\n<\/ul>\n<p>[\/vc_column_text][\/vc_column][vc_column width=\"1\/3\"][vc_customButtonbox ct_bgcolor=\"bg_white\" ct_header=\"Studieninfos zum Download\"]<a class=\"pdf\" target=\"_blank\" href=\"https:\/\/www.thh-friedensau.de\/content\/uploads\/Modulhandbuch_BA_Theologie_2023-01-31.pdf\" target=\"_blank\" rel=\"noopener\"><strong>Modulhandbuch B.A. Theologie 2022<\/strong><\/a><\/p>\n<p><em>G\u00fcltig ab dem 01.10.2022<\/em><\/p>\n<p><a class=\"pdf\" target=\"_blank\" href=\"https:\/\/www.thh-friedensau.de\/content\/uploads\/Modulhandbuch-BA-Theol-2023-10-01.pdf\"><strong>Modulhandbuch B.A. Theologie 2023<\/strong><\/a><\/p>\n<p><em>G\u00fcltig ab dem 01.10.2023<\/em><\/p>\n<p><a class=\"pdf\" target=\"_blank\" href=\"https:\/\/www.thh-friedensau.de\/content\/uploads\/Studiengangsspezifische-StudO-BA-Theol-2023-10-01.pdf\"><strong>Studiengangsspezifische Studienordnung B.A. Theologie<\/strong><\/a><\/p>\n<p><em>G\u00fcltig ab dem 01.10.2023<\/em><\/p>\n<p><a class=\"pdf\" target=\"_blank\" href=\"https:\/\/www.thh-friedensau.de\/content\/uploads\/ThHF-RStudPO-2023-10-01.pdf\"><strong>Rahmenstudien- und Pr\u00fcfungsordnung ThHF<\/strong><\/a><\/p>\n<p><em>G\u00fcltig ab dem 01.10.2023<\/em>[\/vc_customButtonbox][vc_customTeaser ct_icon=\"germany.svg\" ct_pagelink=\"Master of Arts Theologie #282\" ct_bgcolor=\"bg_white\" ct_textpos=\"text_center\" ct_header_regular=\"Master of Arts\" ct_header_bold=\"Theologie\"][\/vc_customTeaser][vc_customTeaser ct_icon=\"english.svg\" ct_pagelink=\"Master of Theological Studies #280\" ct_bgcolor=\"bg_white\" ct_textpos=\"text_center\" ct_header_regular=\"Master of\" ct_header_bold=\"Theological Studies\"][\/vc_customTeaser][vc_customSingleimage ct_image=\"2854\" ct_link=\"url:http%3A%2F%2Fberufen.me%2F||target:%20_blank|\"][\/vc_customSingleimage][\/vc_column][\/vc_row][vc_row el_class=\"content_end\"][vc_column width=\"2\/3\"][vc_column_text]<\/p>\n<h2>Voraus<strong>&shy;setzungen&shy;<\/strong><\/h2>\n<p>Voraussetzung f\u00fcr das Studium ist die allgemeine Hochschulreife (Abitur). Besonders bef\u00e4higte Berufst\u00e4tige, die aufgrund ihrer Begabung, ihrer Pers\u00f6nlichkeit und ihrer Vorbildung f\u00fcr ein Studium in Frage kommen, aber nicht \u00fcber die Hochschulreife verf\u00fcgen, k\u00f6nnen die f\u00fcr das Studium eines bestimmten Faches erforderlichen Kenntnisse und F\u00e4higkeiten durch ein erfolgreiches Ablegen einer Pr\u00fcfung zur Feststellung der Studienbef\u00e4higung (Feststellungspr\u00fcfung) nachweisen.<\/p>\n<p>N\u00e4here Informationen erteilt das Zulassungsamt der Hochschule:[\/vc_column_text][vc_customButton ct_staff=\"Irina Heinz #2605\"][vc_column_text]Ausl\u00e4ndische Studienbewerberinnen und -bewerber, deren Sekundarschulabschluss dem deutschen Abitur gleichwertig ist, k\u00f6nnen grunds\u00e4tzlich mit einer Zulassung zum Studium an unserer Hochschule rechnen. Studienbewerberinnen und -bewerber aus L\u00e4ndern, deren Sekundarschulabschluss unter dem Niveau des deutschen Abiturs liegt, m\u00fcssen entweder in ihrem Heimatland ein oder zwei Jahre (je nach Land) erfolgreich studiert haben oder in der Bundesrepublik Deutschland ein Studienkolleg absolvieren.\u00a0 Ansonsten m\u00fcssen die Bewerber\/innen sehr gute Deutschkenntnisse nachweisen k\u00f6nnen, zum Beispiel\u00a0 durch eine erfolgreiche TestDaF-Pr\u00fcfung (2 x TDN 4, 2x TDN 3).[\/vc_column_text][vc_customSinglebutton ct_pagelink=\"Studiengeb\u00fchren und Finanzierung #308\" ct_button=\"\u00dcbersicht aller Stipendien\" ct_anker=\"#stip_theologie\"][\/vc_column][vc_column width=\"1\/3\"][vc_customButtonbox ct_imagepos=\"image_top\" ct_pagelink=\"Kontakt &amp; Anfahrt #366\" ct_bgcolor=\"bg_gray\" ct_staff=\"Johannes Hartlapp #2487\" ct_staffimage=\"1\" ct_header=\"Hast du noch Fragen?\" ct_button=\"Kontaktformular\" ct_staff_function=\"Leiter des Studiengangs\"]... zu den Studieng\u00e4ngen, zur Bewerbung, zur Finanzierung oder allgemein?<br \/>\nWir beraten dich gerne!<\/p>\n<p>Um dich verbindlich f\u00fcr ein Studium an der Theologischen Hochschule Friedensau zu bewerben, verwende bitte das <a href=\"https:\/\/www.thh-friedensau.de\/studium\/bewerbung\/\"><strong>Online-Bewerbungsverfahren<\/strong><\/a>.[\/vc_customButtonbox][\/vc_column][\/vc_row][vc_row el_class=\"bg_gray,space_none\" el_id=\"zulassung\"][vc_column][vc_column_text]<\/p>\n<div class=\"vc_row wpb_row vc_row-fluid\">\n<div class=\"viewport\">\n<div class=\"wpb_column vc_column_container vc_col-sm-12\">\n<div class=\"vc_column-inner\">\n<div class=\"wpb_wrapper\">\n<div class=\"wpb_text_column wpb_content_element \">\n<div class=\"wpb_wrapper\">\n<h2>Zulassungs<strong>\u00adverfahren\u00ad<\/strong><\/h2>\n<ul>\n<li>Das komplette Bewerbungspaket muss innerhalb der Anmeldefristen online versendet werden.<\/li>\n<li>Die Antr\u00e4ge auf Zulassung zum Studium werden von 2 Zulassungskommissionen gepr\u00fcft: die akademische Zulassungskommission und die Finanzkommission. Die Zulassungsentscheidung erfolgt unter Ber\u00fccksichtigung der zur Verf\u00fcgung stehenden Studienpl\u00e4tze und der gekl\u00e4rten Studienfinanzierung. Die Zusage f\u00fcr das Studium wird dem Bewerber schriftlich per E-Mail innerhalb einer Woche nach der Sitzung der Zulassungskommission\/Finanzkommission mitgeteilt.<\/li>\n<li>Nach dem Erhalt der Zulassungsentscheidung m\u00fcssen Bewerber die Anzahlung und die Kaution an die Hochschule innerhalb von 2-3 Wochen \u00fcberweisen, <strong>EU-B\u00fcrger sp\u00e4testens bis zum 31. August.<\/strong><\/li>\n<li>Nach Eingang der Zahlung versendet das Zulassungsamt an die Bewerber die Zulassungsbescheinigung sowie Informationen f\u00fcr den Studienanfang und die Anreise.<\/li>\n<\/ul>\n<p>Der einfachste Weg nach Friedensau ist unsere <a href=\"https:\/\/campusnet.thh-friedensau.de\" target=\"_blank\" rel=\"noopener noreferrer\">Online-Bewerbung<\/a> \u2013\u00a0einfach einen Benutzer-Account erstellen und die Online-Bewerbung starten.<\/p>\n<\/div>\n<\/div>\n<\/div>\n<\/div>\n<\/div>\n<\/div>\n<\/div>\n<p>Die Antr\u00e4ge auf Zulassung zum Studium werden vom Zulassungsamt | Akademischen Auslandsamt bearbeitet. Die Zulassungsentscheidung erfolgt unter Ber\u00fccksichtigung der zur Verf\u00fcgung stehenden Studienpl\u00e4tze, dem Grad der Qualifikation und der gekl\u00e4rten Studienfinanzierung. Wenn alle notwendigen Voraussetzungen erf\u00fcllt sind, wird der Zulassungsbescheid dem Bewerber schriftlich erteilt. Die Zulassungsbescheinigung f\u00fcr ausl\u00e4ndische Studienbewerber wird erst nach Einzahlung der Kaution zugesandt.[\/vc_column_text][\/vc_column][\/vc_row][vc_row][vc_column][vc_column_text]<\/p>\n<h2>Deine <strong>&shy;Dozenten&shy;<\/strong><\/h2>\n<p>Die folgenden Dozenten des Fachbereichs Theologie arbeiten im Studiengang \u00bbBachelor of Arts Theologie\u00ab:[\/vc_column_text][vc_customFirstarticle ct_placeholder=\"Mitarbeiter\/innen-\u00dcbersicht\" ct_staffcat=\"FB Theologie\"][\/vc_column][\/vc_row][vc_row el_class=\"bg_gray\"][vc_column][vc_column_text]<\/p>\n<h2><strong>&shy;Kontakt&shy;<\/strong><\/h2>\n<p>[\/vc_column_text][vc_customForm ct_form=\"Kontaktformular Startseite #755\"][\/vc_column][\/vc_row]<\/p>\n<\/div>","protected":false},"excerpt":{"rendered":"<p>[vc_row el_class=&#8221;fullwidth&#8221;][vc_column][\/vc_column][\/vc_row][vc_row el_class=&#8221;move_top&#8221;][vc_column width=&#8221;2\/3&#8243;][vc_column_text] Bachelor of Arts &shy;Theologie&shy; Der Studiengang Bachelor of Arts Theologie richtet sich an alle, die den Wunsch haben, auf christlichem Fundament mit Menschen zu arbeiten und den christlichen Glauben eingehend zu erforschen. Wer Theologie studiert, wird im Beruf andere auf ihren individuellen Lebenswegen begleiten oder Gemeinden und kirchliche Gruppen kompetent unterst\u00fctzen. [&hellip;]<\/p>\n","protected":false},"author":5,"featured_media":0,"parent":4593,"menu_order":3,"comment_status":"closed","ping_status":"closed","template":"","meta":{"_acf_changed":false,"footnotes":""},"coauthors":[13,105],"class_list":["post-33398","page","type-page","status-publish","hentry"],"acf":[],"_links":{"self":[{"href":"https:\/\/www.thh-friedensau.de\/en\/wp-json\/wp\/v2\/pages\/33398","targetHints":{"allow":["GET"]}}],"collection":[{"href":"https:\/\/www.thh-friedensau.de\/en\/wp-json\/wp\/v2\/pages"}],"about":[{"href":"https:\/\/www.thh-friedensau.de\/en\/wp-json\/wp\/v2\/types\/page"}],"author":[{"embeddable":true,"href":"https:\/\/www.thh-friedensau.de\/en\/wp-json\/wp\/v2\/users\/5"}],"replies":[{"embeddable":true,"href":"https:\/\/www.thh-friedensau.de\/en\/wp-json\/wp\/v2\/comments?post=33398"}],"version-history":[{"count":3,"href":"https:\/\/www.thh-friedensau.de\/en\/wp-json\/wp\/v2\/pages\/33398\/revisions"}],"predecessor-version":[{"id":47288,"href":"https:\/\/www.thh-friedensau.de\/en\/wp-json\/wp\/v2\/pages\/33398\/revisions\/47288"}],"up":[{"embeddable":true,"href":"https:\/\/www.thh-friedensau.de\/en\/wp-json\/wp\/v2\/pages\/4593"}],"wp:attachment":[{"href":"https:\/\/www.thh-friedensau.de\/en\/wp-json\/wp\/v2\/media?parent=33398"}],"wp:term":[{"taxonomy":"author","embeddable":true,"href":"https:\/\/www.thh-friedensau.de\/en\/wp-json\/wp\/v2\/coauthors?post=33398"}],"curies":[{"name":"wp","href":"https:\/\/api.w.org\/{rel}","templated":true}]}}