{"id":35858,"date":"2024-02-28T20:18:00","date_gmt":"2024-02-28T19:18:00","guid":{"rendered":"https:\/\/www.thh-friedensau.de\/research\/conferences\/vff-jahrestagung-2024\/"},"modified":"2024-03-28T18:07:49","modified_gmt":"2024-03-28T17:07:49","slug":"vff-jahrestagung-2024","status":"publish","type":"page","link":"https:\/\/www.thh-friedensau.de\/en\/about\/research\/conferences\/vff-jahrestagung-2024\/","title":{"rendered":"VFF-Jahrestagung 2024"},"content":{"rendered":"<div class=\"wpb-content-wrapper\"><p>[vc_row el_class=\"fullwidth\"][vc_column]\n\t <div class=\"rev_slider_wrapper fullwidthbanner-container\">\n\t \t <div id=\"rev_slider_1776678104\" class=\"rev_slider fullwidthabanner \" data-version=\"5.4.5\" style=\"display:none\">\n\t\t <ul>\n\t\t \t[vc_customSlider ct_image=\"35198\" ct_content_down=\"Die Zukunft der Welt zwischen Horror und Hoffnung\"]<\/p>\n<h4>Jahrestagung 2024<\/h4>\n<p>[\/vc_customSlider]\n\t\t <\/ul>\n\t\t <\/div>\n\t\t<\/div>\n\n\n\t\t<script>\n \t    \/* https:\/\/learn.jquery.com\/using-jquery-core\/document-ready\/ *\/\n \t    var wWidth = jQuery(window).width();\n\t\tif( \/Android|webOS|iPhone|iPad|iPod|BlackBerry|IEMobile|Opera Mini\/i.test(navigator.userAgent) ) {\n\t\t\tvar sliderType = \"carousel\";\n\t\t}\n\t    jQuery(document).ready(function() {\n\t\t\tfunction startSlider() {\n\t\t\t\tjQuery(\"#rev_slider_1776678104\").show().revolution({\n\t\t        \tsliderType: sliderType,\n\n\t\t        \t\/\/ responsive\n\t\t\t\t\tresponsiveLevels: [1240, 1024, 778, 480],\n\t\t        \tgridwidth:[1240, 1024, 778, 480],\n\t\t        \tgridheight:[400, 768, 960, 720],\n\t\t        \tvisibilityLevels:[1240, 1024, 1024, 480],\n\t\t            sliderLayout: \"fullwidth\",\n\t\t            spinner: \"spinner5\",\n\t\t            fullScreenOffset: \"80%\",\n\t\t            minHeight: \"700\",\n\t\t            navigation: {\n\t\t                arrows: {\n\t\t                    enable: false,\n\t\t                    style: \"zeus\",\n\t\t                    hide_onleave: true,\n\t\t                },\n\t\t                bullets: {\n                      enable: true,\n                      style: \"zeus\",\n                      hide_onleave: false,\n                      h_align: \"center\",\n                      v_align: \"bottom\",\n                      h_offset: 0,\n                      v_offset: 50,\n                      space: 10,\n                      tmp: \"<span class=\\\"tp-bullet-inner\\\"><\/span>\",\n\t\t                },\n\t\t                touch: {\n\t \t\t\t\t        touchenabled: \"on\",\n\t\t\t\t\t        swipe_threshold: 75,\n\t\t\t\t\t        swipe_min_touches: 1,\n\t\t\t\t\t        swipe_direction: \"horizontal\",\n\t\t\t\t\t        drag_block_vertical: true\n\n\t\t\t\t\t    }\n\t\t            }\n\t\t        });\n\t\t    }\n\n\t\t\tif (wWidth > 1500) {\n\t\t\t\tjQuery(\".rev-slidebg-img\").each(function() {\n\t\t\t\t\tjQuery(this).attr(\"src\", jQuery(this).attr(\"data-full\"));\n\t\t\t\t});\n\t\t\t}\n\t\t\tif (wWidth <= 1500 && wWidth > 1000) {\n\t\t\t\tjQuery(\".rev-slidebg-img\").each(function() {\n\t\t\t\t\tjQuery(this).attr(\"src\", jQuery(this).attr(\"data-large\"));\n\t\t\t\t});\n\t\t\t}\n\t\t\tif (wWidth <= 1000 && wWidth > 500) {\n\t\t\t\tjQuery(\".rev-slidebg-img\").each(function() {\n\t\t\t\t\tjQuery(this).attr(\"src\", jQuery(this).attr(\"data-large\"));\n\t\t\t\t});\n\t\t\t}\n\n\t\t\tstartSlider();\n\n      \/\/ Einblenden der Bullet Points, wenn mehr als ein Bild ist\n      setTimeout(function() {\n        if (jQuery(\".tp-bullets .tp-bullet\").length > 1) {\n          jQuery(\".tp-bullets\").fadeIn(500);\n        }\n      }, 1500);\n\n\n\t    });\n\t\t\/\/ Positionierung Text-Layer\n\t\tjQuery(window).load(function() {\n\t\t\tjQuery(\".tp-mask-wrap\").each(function() {\n\t\t\t\tjQuery(this).parent().css(\"bottom\", jQuery(this).height() + \"px\");\n\t\t\t});\n\t\t});\n\t<\/script>\n\t[\/vc_column][\/vc_row][vc_row][vc_column width=\"2\/3\"][vc_column_text]<\/p>\n<h3>Jahrestagung des Vereins f\u00fcr Freikirchenforschung e.V.<\/h3>\n<p>Vielf\u00e4ltige Krisenerfahrungen globalen Ausma\u00dfes f\u00fchren zu einem wachsenden Interesse an apokalyptischen Endzeitszenarien. Sowohl religi\u00f6se als auch s\u00e4kulare Apokalyptik warnen uns vor dem Ende der Welt. Ausschlaggebend ist dabei, ob man jeglicher Hoffnung beraubt oder aber eine Perspektive vermittelt wird.<\/p>\n<p>Eine wichtige Auffassung besagt, dass es verschiedene aufeinanderfolgende Heilszeiten (\u201eDispensationen\u201c) gibt. Was wissen wir \u00fcber die Hintergr\u00fcnde dieses Verst\u00e4ndnisses? Wie hat es sich entwickelt? In welchen Gemeindekontexten wird es vertreten? Wie wirkt es sich politisch und gesellschaftlich aus \u2013 und warum gerade in den USA? Dortige konservative Evangelikale vertreten teilweise solche Auffassungen. Aber wie h\u00e4ngt der Pr\u00e4millenarismus damit zusammen? Gibt es Parallelen in unseren Zusammenh\u00e4ngen \u2013 m\u00f6glicherweise in (scheinbar) ganz unreligi\u00f6sen Zusammenh\u00e4ngen?<\/p>\n<p>Wir bitten, Ihre Teilnahme anzumelden.[\/vc_column_text][vc_customSinglebutton ct_button=\"Zur Anmeldung\" ct_link=\"url:%23anmeldung\"][\/vc_column][vc_column width=\"1\/3\"][vc_customButtonbox ct_bgcolor=\"bg_purple\"]<\/p>\n<h3>Wann?<\/h3>\n<p>26. \u2013 28. April 2024<\/p>\n<h3>Wo?<\/h3>\n<p>Theologische Hochschule Friedensau oder online via Zoom<\/p>\n<p>Aula<br \/>\nAn der Ihle 7<br \/>\n39291 M\u00f6ckern-Friedensau<\/p>\n<h3>Anmeldeschluss<\/h3>\n<p>19. April 2024<\/p>\n<h3>Haben Sie Fragen?<\/h3>\n<p>Gesch\u00e4ftsstelle VFF<br \/>\nPostfach 11 11<br \/>\n68805 Neulu\u00dfheim<br \/>\nTelefon +49 (0) 6205-308880[\/vc_customButtonbox][\/vc_column][\/vc_row][vc_row el_class=\"bg_gray,space_none\"][vc_column width=\"2\/3\"][vc_custom_heading text=\"Programm\" font_container=\"tag:h2\"]\n <div class=\"accordion accordion_big standard inside\">\n <h3 class=\"accordion_title\"><span class=\"icon\"><img decoding=\"async\" src=\"https:\/\/www.thh-friedensau.de\/content\/themes\/Friedensau-1.0\/icons\/arrow.svg\" alt=\"Icon Plus\"><\/span>Freitag, 26. April 2024<\/h3>\n <div class=\"text\">[vc_column_text]<\/p>\n<ul>\n<li><strong>19.30 | Mitgliederversammlung des VFF<br \/>\n<\/strong><\/li>\n<\/ul>\n<p>[\/vc_column_text]<\/div>\n <\/div>\n\n \n <div class=\"accordion accordion_big standard inside\">\n <h3 class=\"accordion_title\"><span class=\"icon\"><img decoding=\"async\" src=\"https:\/\/www.thh-friedensau.de\/content\/themes\/Friedensau-1.0\/icons\/arrow.svg\" alt=\"Icon Plus\"><\/span>Samstag, 27. April 2024<\/h3>\n <div class=\"text\">[vc_column_text]<\/p>\n<ul>\n<li><strong>09.00 Uhr | Begru\u0308\u00dfung, Tagungseinfu\u0308hrung<\/strong><br \/>\n\u2023 Prof. <em>Roland E. Fischer, Rektor der ThH Friedensau<\/em><br \/>\n\u2023 Dr. <em>Andreas Liese, 1. Vorsitzender des VFF<\/em><\/li>\n<\/ul>\n<hr \/>\n<ul>\n<li><strong>09.20 Uhr | Zukunftsentwu\u0308rfe neuzeitlicher christlicher Theologie<\/strong><br \/>\nEine systematisch-theologische Reflexion<br \/>\n\u2023 Prof. <em>Rolf P\u00f6hler, ThH Friedensau<\/em><\/li>\n<\/ul>\n<hr \/>\n<ul>\n<li><strong>10.15 Uhr | Kaffeepause<\/strong><\/li>\n<\/ul>\n<hr \/>\n<ul>\n<li><strong>10.35 Uhr | Die Parusie Jesu<\/strong><br \/>\nEin Fahrplan der neutestamentlichen Hoffnung<br \/>\n\u2023<em> Prof. Dr. Gert Steyn, Ewersbach<\/em><\/li>\n<\/ul>\n<hr \/>\n<ul>\n<li><strong>11.30 Uhr | Endzeitkonzepte von der Zeit der Reformation bis zur Erweckungsbewegung des 19. Jahrhunderts<\/strong><br \/>\nEin kirchengeschichtlicher \u00dcberblick<br \/>\n\u2023<em> Prof. Dr. Thomas Hahn-Bruckart, Rostock<\/em><\/li>\n<\/ul>\n<hr \/>\n<ul>\n<li><strong>12.30 Uhr | Mittagessen<\/strong><\/li>\n<\/ul>\n<hr \/>\n<ul>\n<li><strong>13.30 Uhr | Fu\u0308hrung: Bibliothek des VFF in der ThH Friedensau<\/strong><\/li>\n<\/ul>\n<hr \/>\n<ul>\n<li><strong>13.50 Uhr | Entstehung des Dispensationalismus in Irland\/ England<\/strong><br \/>\n\u2023<em> Prof. Crawford Gribben, Belfast<\/em><\/li>\n<\/ul>\n<hr \/>\n<ul>\n<li><strong><strong>14.50 Uhr | Kurze Pause<\/strong><\/strong><\/li>\n<\/ul>\n<hr \/>\n<ul>\n<li><strong>15.00 Uhr | <\/strong><strong>Wie Endzeitvorstellungen die heutige Politik und Kultur Amerikas pr\u00e4gen<br \/>\n<\/strong>\u2023<em> Daniel G. Hummel, Madison, USA<br \/>\n<\/em><\/li>\n<\/ul>\n<hr \/>\n<ul>\n<li><strong>16.00 Uhr | Kaffeepause<\/strong><\/li>\n<\/ul>\n<hr \/>\n<ul>\n<li><strong>16.15 Uhr | Dispensationalismus und seine Erscheinungsformen<\/strong><br \/>\nPr\u00e4millenarismus: zur Diskussion innerhalb der Pfingstbewegung<br \/>\n\u2023 <em>Sven Brenner, Neulu\u00dfheim<\/em><br \/>\nFriedrich Heitmu\u0308ller und der Dispensationalismus<br \/>\n\u2023 <em>Ulrike Heitmu\u0308ller, Berlin<\/em><br \/>\nWarum nur wenige Christen bei der Entru\u0308ckung dabei sind... \u201eDarbysmus\u201c in der fru\u0308hen Gemeinschaftsbewegung<br \/>\n\u2023 <em>Prof. Frank Lu\u0308dke, Marburg<\/em><br \/>\nKein Vaterunser: Dispensationalismus bei den geschlossenen Bru\u0308dern<br \/>\n\u2023 Dr. <em>Andreas Liese, Bielefeld<\/em><\/li>\n<\/ul>\n<hr \/>\n<ul>\n<li><strong>18.45 Uhr | Abendessen<\/strong><\/li>\n<\/ul>\n<hr \/>\n<ul>\n<li><strong>19.45 Uhr | Entr\u00fcckung? Ein Film zum Thema<\/strong><br \/>\n\u2023 <em>Vorbereitet von Sebastian Kuhle, ThH Friedensau\/Andreas Kohrn, Mainz<\/em><\/li>\n<\/ul>\n<hr \/>\n<p>[\/vc_column_text]<\/div>\n <\/div>\n\n \n <div class=\"accordion accordion_big standard inside\">\n <h3 class=\"accordion_title\"><span class=\"icon\"><img decoding=\"async\" src=\"https:\/\/www.thh-friedensau.de\/content\/themes\/Friedensau-1.0\/icons\/arrow.svg\" alt=\"Icon Plus\"><\/span>Sonntag, 28. April 2024<\/h3>\n <div class=\"text\">[vc_column_text]<\/p>\n<ul>\n<li><strong>09.00 Uhr | Andacht<\/strong><br \/>\n\u2023 Prof. <em>Roland E. Fischer, ThH Friedensau<\/em><\/li>\n<\/ul>\n<hr \/>\n<ul>\n<li><strong>09.30 Uhr | Thematische Filmanalyse<\/strong><br \/>\nImpuls<br \/>\n\u2023 Dr. <em>Bojan Godina, ThH Friedensau (angefragt)<\/em><br \/>\nGruppenarbeit<br \/>\n\u2023 <em>Moderation: Andreas Kohrn<\/em><\/li>\n<\/ul>\n<hr \/>\n<ul>\n<li><strong>10.30 Uhr | Kaffeepause<\/strong><\/li>\n<\/ul>\n<hr \/>\n<ul>\n<li><strong>10.45 Uhr| Die \u201eLetzte Generation\u201c und die Zukunft der Welt<\/strong><br \/>\nPodiumsdiskussion mit Studierenden<\/li>\n<\/ul>\n<hr \/>\n<ul>\n<li><strong>11.45 Uhr | Ru\u0308ck- und Ausblick: Zukunftskonzepte<\/strong><br \/>\n\u2023 Dr. <em>Johannes Hartlapp, ThH Friedensau<\/em><\/li>\n<\/ul>\n<hr \/>\n<ul>\n<li><strong>12.10 Uhr | Feedback zur Tagung und Verabschiedung<\/strong><br \/>\n\u2023 Prof. <em>Roland E. Fischer\/Dr. Andreas Liese<\/em><\/li>\n<\/ul>\n<hr \/>\n<ul>\n<li><strong>12.30 Uhr| Mittagessen<\/strong><\/li>\n<\/ul>\n<p>[\/vc_column_text]<\/div>\n <\/div>\n\n [\/vc_column][vc_column width=\"1\/3\"][vc_single_image image=\"35221\" img_size=\"500x354\"][vc_customTextLink file_picker=\"35223\" ct_text=\"Programmflyer herunterladen\"][\/vc_column][\/vc_row][vc_row el_id=\"anmeldung\"][vc_column][vc_custom_heading text=\"Anmeldung zur Jahrestagung 2024\" font_container=\"tag:h2\"][vc_column_text]<div class=\"everest-forms\"><script type='text\/javascript'>\n\/* <![CDATA[ *\/\nvar evf_settings = {\"currency_code\":\"EUR\",\"currency_thousands\":\".\",\"currency_decimal\":\",\",\"currency_symbol\":\"\\u20ac\",\"currency_symbol_pos\":\"right\"}\n\/* ]]> *\/\n<\/script>\n<p class=\"everst-forms-form-disable-notice everest-forms-notice everest-forms-notice--info\">This form is disabled.<\/p><\/div>[\/vc_column_text][\/vc_column][\/vc_row]<\/p>\n<\/div>","protected":false},"excerpt":{"rendered":"<p>[vc_row el_class=&#8221;fullwidth&#8221;][vc_column][\/vc_column][\/vc_row][vc_row][vc_column width=&#8221;2\/3&#8243;][vc_column_text] Jahrestagung des Vereins f\u00fcr Freikirchenforschung e.V. Vielf\u00e4ltige Krisenerfahrungen globalen Ausma\u00dfes f\u00fchren zu einem wachsenden Interesse an apokalyptischen Endzeitszenarien. Sowohl religi\u00f6se als auch s\u00e4kulare Apokalyptik warnen uns vor dem Ende der Welt. Ausschlaggebend ist dabei, ob man jeglicher Hoffnung beraubt oder aber eine Perspektive vermittelt wird. Eine wichtige Auffassung besagt, dass es verschiedene [&hellip;]<\/p>\n","protected":false},"author":121,"featured_media":0,"parent":35787,"menu_order":2,"comment_status":"closed","ping_status":"closed","template":"","meta":{"_acf_changed":false,"footnotes":""},"coauthors":[145],"class_list":["post-35858","page","type-page","status-publish","hentry"],"acf":[],"_links":{"self":[{"href":"https:\/\/www.thh-friedensau.de\/en\/wp-json\/wp\/v2\/pages\/35858","targetHints":{"allow":["GET"]}}],"collection":[{"href":"https:\/\/www.thh-friedensau.de\/en\/wp-json\/wp\/v2\/pages"}],"about":[{"href":"https:\/\/www.thh-friedensau.de\/en\/wp-json\/wp\/v2\/types\/page"}],"author":[{"embeddable":true,"href":"https:\/\/www.thh-friedensau.de\/en\/wp-json\/wp\/v2\/users\/121"}],"replies":[{"embeddable":true,"href":"https:\/\/www.thh-friedensau.de\/en\/wp-json\/wp\/v2\/comments?post=35858"}],"version-history":[{"count":0,"href":"https:\/\/www.thh-friedensau.de\/en\/wp-json\/wp\/v2\/pages\/35858\/revisions"}],"up":[{"embeddable":true,"href":"https:\/\/www.thh-friedensau.de\/en\/wp-json\/wp\/v2\/pages\/35787"}],"wp:attachment":[{"href":"https:\/\/www.thh-friedensau.de\/en\/wp-json\/wp\/v2\/media?parent=35858"}],"wp:term":[{"taxonomy":"author","embeddable":true,"href":"https:\/\/www.thh-friedensau.de\/en\/wp-json\/wp\/v2\/coauthors?post=35858"}],"curies":[{"name":"wp","href":"https:\/\/api.w.org\/{rel}","templated":true}]}}