{"id":39550,"date":"2024-09-21T19:59:46","date_gmt":"2024-09-21T17:59:46","guid":{"rendered":"https:\/\/www.thh-friedensau.de\/erasmus\/practical-training-experience-report-bosnia-2\/"},"modified":"2024-11-24T20:59:50","modified_gmt":"2024-11-24T19:59:50","slug":"practical-training-experience-report-ireland","status":"publish","type":"page","link":"https:\/\/www.thh-friedensau.de\/en\/overview-of-our-study-programs\/erasmus\/practical-training-experience-report-ireland\/","title":{"rendered":"Practical Training Experience Report Ireland"},"content":{"rendered":"<div class=\"wpb-content-wrapper\"><p>[vc_row][vc_column][vc_custom_heading text=\"Practical Training Experience Report Ireland\" font_container=\"tag:h1\"][vc_column_text]<em>by No\u00e9mie Agbossassa<\/em><\/p>\n<p><img loading=\"lazy\" decoding=\"async\" class=\" wp-image-15911 alignleft\" src=\"https:\/\/www.thh-friedensau.de\/content\/uploads\/Noemi.jpg\" alt=\"\" width=\"218\" height=\"294\" srcset=\"https:\/\/www.thh-friedensau.de\/content\/uploads\/Noemi.jpg 679w, https:\/\/www.thh-friedensau.de\/content\/uploads\/Noemi-593x800.jpg 593w, https:\/\/www.thh-friedensau.de\/content\/uploads\/Noemi-371x500.jpg 371w, https:\/\/www.thh-friedensau.de\/content\/uploads\/Noemi-259x350.jpg 259w\" sizes=\"auto, (max-width: 218px) 100vw, 218px\" \/>Mein Name ist No\u00e9mie. Ich bin Studentin im Master International Social Sciences an der Theologischen Hochschule Friedensau in Deutschland. Vom 6. Januar 2020 bis zum 5. M\u00e4rz 2020 war ich f\u00fcr mein Praktikum in der Hauptgesch\u00e4ftsstelle von Tr\u00f3caire in Maynooth, Irland. Meine Reise nach Irland f\u00fcr mein Praktikum wurde von Erasmus+ und meiner Universit\u00e4t gesponsert.\u00a0 Der Prozess verlief sehr reibungslos, das Erasmus+-B\u00fcro an der Theologischen Hochschule Friedensau hat mich w\u00e4hrend des gesamten Prozesses unterst\u00fctzt. Die Erasmus-Mobilit\u00e4t hat mir auch freien Zugang zu Sprachkursen gegeben um mein Englisch zu verbessern. Ich wollte mein Praktikum in einer professionellen europ\u00e4ischen Organisation absolvieren. Die M\u00f6glichkeit der Finanzierung durch Erasmus hat mir geholfen, dieses Ziel zu erreichen. Dar\u00fcber hinaus war es eine sehr reiche Erfahrung f\u00fcr mein Praktikum in eine v\u00f6llig neue Umgebung zu gehen, dadurch konnte ich einen mehrdimensionalen Lernprozess durchlaufen. Ich hatte die Gelegenheit neue Arbeitsweisen zu kennenzulernen, ich habe Erfahrungen in einem sehr professionellen Umfeld gesammelt, ich habe viele Leute kennen gelernt und neue Freunde gefunden und ich habe Wissen \u00fcber die irische Kultur erworben. All dies gleichzeitig und in einer kurzen Zeitspanne (2 Monate) zu tun, war gro\u00dfartig. Ich bin dankbar f\u00fcr die Gelegenheit und die Unterst\u00fctzung, die ich von Erasmus+ und meiner Universit\u00e4t erhalten habe.[\/vc_column_text][\/vc_column][\/vc_row][vc_row][vc_column width=\"1\/3\"][vc_customSinglebutton ct_pagelink=\"Erasmus+ #6876\" ct_button=\"Overview\"][\/vc_column][vc_column width=\"1\/3\"][\/vc_column][vc_column width=\"1\/3\"][\/vc_column][\/vc_row]<\/p>\n<\/div>","protected":false},"excerpt":{"rendered":"<p>[vc_row][vc_column][vc_custom_heading text=&#8221;Practical Training Experience Report Ireland&#8221; font_container=&#8221;tag:h1&#8243;][vc_column_text]by No\u00e9mie Agbossassa Mein Name ist No\u00e9mie. Ich bin Studentin im Master International Social Sciences an der Theologischen Hochschule Friedensau in Deutschland. Vom 6. Januar 2020 bis zum 5. M\u00e4rz 2020 war ich f\u00fcr mein Praktikum in der Hauptgesch\u00e4ftsstelle von Tr\u00f3caire in Maynooth, Irland. Meine Reise nach Irland f\u00fcr [&hellip;]<\/p>\n","protected":false},"author":121,"featured_media":0,"parent":7260,"menu_order":5,"comment_status":"closed","ping_status":"closed","template":"","meta":{"_acf_changed":false,"footnotes":""},"coauthors":[145],"class_list":["post-39550","page","type-page","status-publish","hentry"],"acf":[],"_links":{"self":[{"href":"https:\/\/www.thh-friedensau.de\/en\/wp-json\/wp\/v2\/pages\/39550","targetHints":{"allow":["GET"]}}],"collection":[{"href":"https:\/\/www.thh-friedensau.de\/en\/wp-json\/wp\/v2\/pages"}],"about":[{"href":"https:\/\/www.thh-friedensau.de\/en\/wp-json\/wp\/v2\/types\/page"}],"author":[{"embeddable":true,"href":"https:\/\/www.thh-friedensau.de\/en\/wp-json\/wp\/v2\/users\/121"}],"replies":[{"embeddable":true,"href":"https:\/\/www.thh-friedensau.de\/en\/wp-json\/wp\/v2\/comments?post=39550"}],"version-history":[{"count":1,"href":"https:\/\/www.thh-friedensau.de\/en\/wp-json\/wp\/v2\/pages\/39550\/revisions"}],"predecessor-version":[{"id":42112,"href":"https:\/\/www.thh-friedensau.de\/en\/wp-json\/wp\/v2\/pages\/39550\/revisions\/42112"}],"up":[{"embeddable":true,"href":"https:\/\/www.thh-friedensau.de\/en\/wp-json\/wp\/v2\/pages\/7260"}],"wp:attachment":[{"href":"https:\/\/www.thh-friedensau.de\/en\/wp-json\/wp\/v2\/media?parent=39550"}],"wp:term":[{"taxonomy":"author","embeddable":true,"href":"https:\/\/www.thh-friedensau.de\/en\/wp-json\/wp\/v2\/coauthors?post=39550"}],"curies":[{"name":"wp","href":"https:\/\/api.w.org\/{rel}","templated":true}]}}