{"id":39560,"date":"2024-09-21T20:06:59","date_gmt":"2024-09-21T18:06:59","guid":{"rendered":"https:\/\/www.thh-friedensau.de\/erasmus\/practical-training-experience-report-ireland-2\/"},"modified":"2024-11-24T21:00:42","modified_gmt":"2024-11-24T20:00:42","slug":"international-institute-for-human-rights-environment-and-development-inhured-nepal","status":"publish","type":"page","link":"https:\/\/www.thh-friedensau.de\/en\/overview-of-our-study-programs\/erasmus\/international-institute-for-human-rights-environment-and-development-inhured-nepal\/","title":{"rendered":"International Institute for Human Rights, Environment and Development (INHURED), Nepal."},"content":{"rendered":"<div class=\"wpb-content-wrapper\"><p>[vc_row][vc_column][vc_custom_heading text=\"International Institute for Human Rights, Environment and Development (INHURED), Nepal.\" font_container=\"tag:h1\"][vc_column_text]Vom 1. M\u00e4rz bis zum 15. Mai 2023 hatte ich das Vergn\u00fcgen, ein Praktikum beim International Institute for Human Rights, Environment and Development (INHURED) in Nepal zu absolvieren.<\/p>\n<p>W\u00e4hrend meiner Zeit bei INHURED habe ich mich gleich zu Beginn an zwei Projekten beteiligt, die schwerpunktm\u00e4\u00dfig mit Interessenvertretung und Menschenrechten zu tun hatten. Das erste Projekt trug den Namen Human Rights Lifeline. Ziel dieses Projekts war es, Menschen zu helfen, deren Menschenrechte verletzt wurden. Dieses Projekt ist bedeutsam f\u00fcr die sozial Schw\u00e4chsten in der nepalesischen Gesellschaft, wie z. B. Fl\u00fcchtlinge, denen nicht zugeh\u00f6rt wird. Das andere Projekt war eine rechtliche \u00dcberpr\u00fcfung der Fl\u00fcchtlingsgesetze in Nepal in der Hoffnung, dass sie ge\u00e4ndert werden k\u00f6nnen. Ich nahm an Beratungstreffen mit verschiedenen Personen teil, in deren Macht es lag, diese Gesetze zu \u00e4ndern, darunter auch Mitglieder des Parlaments. Nepal hat kein nationales Fl\u00fcchtlingsgesetz und ist keine Vertragspartei der Fl\u00fcchtlingskonvention von 1951. Es ist somit nicht verpflichtet, die in dem internationalen Instrument f\u00fcr Fl\u00fcchtlinge festgelegten Verfahren einzuhalten. Dies hat zur Folge, dass Fl\u00fcchtlinge es in Nepal schwer haben. Erst k\u00fcrzlich wurde in Nepal ein bhutanischer Fl\u00fcchtlingsbetrug bekannt. Bei diesem Betrug wurden bhutanische Fl\u00fcchtlinge, die in die USA auswandern wollten, von hochrangigen Politikern betrogen. Dieser Vorfall zeigt, wie wichtig diese beiden Projekte sind.<\/p>\n<p>Die andere Aufgabe, die mir anvertraut wurde, bestand darin, Geld f\u00fcr eine Gruppe von Fl\u00fcchtlingen zu sammeln, die aus Myanmar kamen. Diese Fl\u00fcchtlinge leben seit 2012 in Nepal, wo sie von der nepalesischen Regierung als \"illegale Einwanderer\" eingestuft werden. Dieser Status bedeutet, dass sie kein Recht haben, zu arbeiten oder zu reisen, und dass ihnen viele andere Einschr\u00e4nkungen auferlegt werden. Diese rechtlichen Einschr\u00e4nkungen erlauben es der Rohingya-Gemeinschaft nicht, f\u00fcr sich selbst zu sorgen. Die Rohingya-Familien im Sunakoti-Lager in Kathmandu ben\u00f6tigen derzeit Unterst\u00fctzung. Die gesammelten Gelder wurden f\u00fcr das Rohmaterial (insbesondere Blech) verwendet, das f\u00fcr den Bau von Behelfsh\u00e4usern ben\u00f6tigt wird. Der Bambus war bereits gekauft und aufgestellt worden, aber es mussten noch Bleche besorgt werden, um die H\u00e4user fertigzustellen. Mein urspr\u00fcngliches Ziel waren 500 Euro, aber dank der vielen Spenden, die ich von Spendern auf Gofundme erhielt, habe ich mehr als 700 Euro sammeln k\u00f6nnen. Dieses Geld hat den Fl\u00fcchtlingen sehr geholfen, und INHURED hat die Bleche und einige Lebensmittel f\u00fcr das Lager erhalten.<\/p>\n<p>Dieses Praktikum hat mir bewusstgemacht, was ich im ISS gelernt habe und wie wichtig die Themen sind, die wir im Unterricht behandelten. Da ich aus Irland komme, hatte ich viele dieser drastischen Bedingungen, die ich w\u00e4hrend meiner Zeit in Nepal erlebte, noch nie gesehen. Ich musste meinen Kollegen immer Fragen stellen, wenn ich etwas sah, das ich als auff\u00e4llig empfand. Dieses Praktikum hat mir ein besseres Verst\u00e4ndnis daf\u00fcr vermittelt, was Nichtregierungsorganisationen tun. Sie erhalten ihre Grundfinanzierung f\u00fcr die verschiedenen Projekte, die sie durchf\u00fchren, von Spendern und geben Hoffnung denjenigen, die sich auf sie verlassen. Das konnte ich sogar in dem Fl\u00fcchtlingslager sehen, das ich besuchte. Das Lager befindet sich in einer l\u00e4ndlichen Gegend, die sehr isoliert ist, und wenn man jemanden in das Lager kommen sieht, gibt das den Fl\u00fcchtlingen einen gewissen Optimismus.<\/p>\n<p>Meine Organisation war sehr offen und vertraute mir viele Aufgaben an. Was mein Praktikum jedoch zu etwas Besonderem machte, war die Beziehung und die f\u00fcrsorgliche Haltung, die diese Organisation mir entgegenbrachte. Das ist das erste Mal, dass ich so etwas in einem Job erlebt habe. Ich bin dankbar, dass meine Kollegen und ich zu einer Familie wurden und f\u00fcreinander sorgten. Ich habe es genossen, mit dieser Organisation zu arbeiten und war sehr traurig, alle zu verlassen. Es hat sogar eine Weile gedauert, bis ich mich an das Leben in Europa wieder gew\u00f6hnt hatte.<\/p>\n<p><img loading=\"lazy\" decoding=\"async\" class=\"alignnone size-full wp-image-30659\" src=\"https:\/\/www.thh-friedensau.de\/content\/uploads\/1-1.png\" alt=\"\" width=\"1051\" height=\"1185\" srcset=\"https:\/\/www.thh-friedensau.de\/content\/uploads\/1-1.png 1051w, https:\/\/www.thh-friedensau.de\/content\/uploads\/1-1-710x800.png 710w, https:\/\/www.thh-friedensau.de\/content\/uploads\/1-1-443x500.png 443w, https:\/\/www.thh-friedensau.de\/content\/uploads\/1-1-310x350.png 310w\" sizes=\"auto, (max-width: 1051px) 100vw, 1051px\" \/><\/p>\n<p><em>Das gesamte INHURED Team und bisherige Mitarbeiter auf \u00dcbernachtungsreise <\/em><\/p>\n\n<p><em><img loading=\"lazy\" decoding=\"async\" class=\"alignnone size-full wp-image-30661\" src=\"https:\/\/www.thh-friedensau.de\/content\/uploads\/2-1.png\" alt=\"\" width=\"940\" height=\"705\" srcset=\"https:\/\/www.thh-friedensau.de\/content\/uploads\/2-1.png 940w, https:\/\/www.thh-friedensau.de\/content\/uploads\/2-1-800x600.png 800w, https:\/\/www.thh-friedensau.de\/content\/uploads\/2-1-500x375.png 500w, https:\/\/www.thh-friedensau.de\/content\/uploads\/2-1-350x263.png 350w\" sizes=\"auto, (max-width: 940px) 100vw, 940px\" \/><\/em><\/p>\n<p><em>Ich und meine Kollegen bei einem para-legalen Orientierungsprogramm f\u00fcr tibetische Fl\u00fcchtlinge<\/em><\/p>\n\n<p><img loading=\"lazy\" decoding=\"async\" class=\"wp-image-30665 alignnone\" src=\"https:\/\/www.thh-friedensau.de\/content\/uploads\/4-1.png\" alt=\"\" width=\"1001\" height=\"1271\" srcset=\"https:\/\/www.thh-friedensau.de\/content\/uploads\/4-1.png 453w, https:\/\/www.thh-friedensau.de\/content\/uploads\/4-1-394x500.png 394w, https:\/\/www.thh-friedensau.de\/content\/uploads\/4-1-276x350.png 276w\" sizes=\"auto, (max-width: 1001px) 100vw, 1001px\" \/><\/p>\n<p>Sammeln von Blechtafeln<\/p>\n\n<p><em><img loading=\"lazy\" decoding=\"async\" class=\"wp-image-30663 alignnone\" src=\"https:\/\/www.thh-friedensau.de\/content\/uploads\/3-rotated.jpg\" alt=\"\" width=\"1003\" height=\"1336\" srcset=\"https:\/\/www.thh-friedensau.de\/content\/uploads\/3-rotated.jpg 621w, https:\/\/www.thh-friedensau.de\/content\/uploads\/3-601x800.jpg 601w, https:\/\/www.thh-friedensau.de\/content\/uploads\/3-375x500.jpg 375w, https:\/\/www.thh-friedensau.de\/content\/uploads\/3-263x350.jpg 263w\" sizes=\"auto, (max-width: 1003px) 100vw, 1003px\" \/><\/em><\/p>\n<p><em>Fl\u00fcchtlingslager Rohingya <\/em><\/p>\n\n<p><img loading=\"lazy\" decoding=\"async\" class=\"alignnone size-medium wp-image-30667\" src=\"https:\/\/www.thh-friedensau.de\/content\/uploads\/5-1125x1500.jpg\" alt=\"\" width=\"1125\" height=\"1500\" srcset=\"https:\/\/www.thh-friedensau.de\/content\/uploads\/5-1125x1500.jpg 1125w, https:\/\/www.thh-friedensau.de\/content\/uploads\/5-600x800.jpg 600w, https:\/\/www.thh-friedensau.de\/content\/uploads\/5-1152x1536.jpg 1152w, https:\/\/www.thh-friedensau.de\/content\/uploads\/5-375x500.jpg 375w, https:\/\/www.thh-friedensau.de\/content\/uploads\/5-263x350.jpg 263w, https:\/\/www.thh-friedensau.de\/content\/uploads\/5.jpg 1173w\" sizes=\"auto, (max-width: 1125px) 100vw, 1125px\" \/><\/p>\n<p><em>Abwurf der Blechtafeln im Fl\u00fcchtlingslager<\/em><\/p>\n<p><em>\u00a0<\/em><\/p>\n<p><img loading=\"lazy\" decoding=\"async\" class=\"alignnone size-medium wp-image-30669\" src=\"https:\/\/www.thh-friedensau.de\/content\/uploads\/6.jpg\" alt=\"\" width=\"1378\" height=\"918\" srcset=\"https:\/\/www.thh-friedensau.de\/content\/uploads\/6.jpg 1378w, https:\/\/www.thh-friedensau.de\/content\/uploads\/6-800x533.jpg 800w, https:\/\/www.thh-friedensau.de\/content\/uploads\/6-500x333.jpg 500w, https:\/\/www.thh-friedensau.de\/content\/uploads\/6-350x233.jpg 350w\" sizes=\"auto, (max-width: 1378px) 100vw, 1378px\" \/><\/p>\n<p><em>Legal review Meeting INHURED had <\/em><\/p>\n\n<p><img loading=\"lazy\" decoding=\"async\" class=\"alignnone size-medium wp-image-30671\" src=\"https:\/\/www.thh-friedensau.de\/content\/uploads\/7.jpg\" alt=\"\" width=\"1378\" height=\"918\" srcset=\"https:\/\/www.thh-friedensau.de\/content\/uploads\/7.jpg 1378w, https:\/\/www.thh-friedensau.de\/content\/uploads\/7-800x533.jpg 800w, https:\/\/www.thh-friedensau.de\/content\/uploads\/7-500x333.jpg 500w, https:\/\/www.thh-friedensau.de\/content\/uploads\/7-350x233.jpg 350w\" sizes=\"auto, (max-width: 1378px) 100vw, 1378px\" \/><\/p>\n<p><em>Ich und meine Kolleginnen und Kollegen bei den Sitzungen zur \u00dcberpr\u00fcfung der Menschenrechtslage <\/em>[\/vc_column_text][\/vc_column][\/vc_row][vc_row][vc_column width=\"1\/3\"][vc_customSinglebutton ct_pagelink=\"Erasmus+ #6876\" ct_button=\"Overview\"][\/vc_column][vc_column width=\"1\/3\"][\/vc_column][vc_column width=\"1\/3\"][\/vc_column][\/vc_row]<\/p>\n<\/div>","protected":false},"excerpt":{"rendered":"<p>[vc_row][vc_column][vc_custom_heading text=&#8221;International Institute for Human Rights, Environment and Development (INHURED), Nepal.&#8221; font_container=&#8221;tag:h1&#8243;][vc_column_text]Vom 1. M\u00e4rz bis zum 15. Mai 2023 hatte ich das Vergn\u00fcgen, ein Praktikum beim International Institute for Human Rights, Environment and Development (INHURED) in Nepal zu absolvieren. W\u00e4hrend meiner Zeit bei INHURED habe ich mich gleich zu Beginn an zwei Projekten beteiligt, die [&hellip;]<\/p>\n","protected":false},"author":121,"featured_media":0,"parent":7260,"menu_order":6,"comment_status":"closed","ping_status":"closed","template":"","meta":{"_acf_changed":false,"footnotes":""},"coauthors":[145],"class_list":["post-39560","page","type-page","status-publish","hentry"],"acf":[],"_links":{"self":[{"href":"https:\/\/www.thh-friedensau.de\/en\/wp-json\/wp\/v2\/pages\/39560","targetHints":{"allow":["GET"]}}],"collection":[{"href":"https:\/\/www.thh-friedensau.de\/en\/wp-json\/wp\/v2\/pages"}],"about":[{"href":"https:\/\/www.thh-friedensau.de\/en\/wp-json\/wp\/v2\/types\/page"}],"author":[{"embeddable":true,"href":"https:\/\/www.thh-friedensau.de\/en\/wp-json\/wp\/v2\/users\/121"}],"replies":[{"embeddable":true,"href":"https:\/\/www.thh-friedensau.de\/en\/wp-json\/wp\/v2\/comments?post=39560"}],"version-history":[{"count":1,"href":"https:\/\/www.thh-friedensau.de\/en\/wp-json\/wp\/v2\/pages\/39560\/revisions"}],"predecessor-version":[{"id":42114,"href":"https:\/\/www.thh-friedensau.de\/en\/wp-json\/wp\/v2\/pages\/39560\/revisions\/42114"}],"up":[{"embeddable":true,"href":"https:\/\/www.thh-friedensau.de\/en\/wp-json\/wp\/v2\/pages\/7260"}],"wp:attachment":[{"href":"https:\/\/www.thh-friedensau.de\/en\/wp-json\/wp\/v2\/media?parent=39560"}],"wp:term":[{"taxonomy":"author","embeddable":true,"href":"https:\/\/www.thh-friedensau.de\/en\/wp-json\/wp\/v2\/coauthors?post=39560"}],"curies":[{"name":"wp","href":"https:\/\/api.w.org\/{rel}","templated":true}]}}