{"id":39596,"date":"2024-09-21T21:28:32","date_gmt":"2024-09-21T19:28:32","guid":{"rendered":"https:\/\/www.thh-friedensau.de\/?page_id=39596"},"modified":"2024-11-24T21:03:28","modified_gmt":"2024-11-24T20:03:28","slug":"dozentin-plant-erasmus-projekt-mit-cernica","status":"publish","type":"page","link":"https:\/\/www.thh-friedensau.de\/en\/overview-of-our-study-programs\/erasmus\/dozentin-plant-erasmus-projekt-mit-cernica\/","title":{"rendered":"Dozentin plant Erasmus-Projekt mit Cernica"},"content":{"rendered":"<div class=\"wpb-content-wrapper\"><p>[vc_row][vc_column][vc_custom_heading text=\"Dozentin plant Erasmus-Projekt mit Cernica\" font_container=\"tag:h1\"][vc_column_text]Vom 19. bis 22. Juli 2022 war Dr. Friedegard F\u00f6ltz (Bildmitte), Dozentin am Fachbereich Sozialwesen der ThHF, an der Universitatae Adventus in Cernica, Rum\u00e4nien, zu Gast, um die Partnerhochschule und die Mitarbeitenden kennenzulernen, sich \u00fcber die Strukturen des p\u00e4dagogischen Fachbereichs zu informieren und ein gemeinsames Projekt zu planen.<\/p>\n<p>Eine Neuerung der Erasmus-Programmgeneration 2021\u20132027 stellen die sogenannten Blended-Intensive-Programmes (BIP) dar. Dadurch sollen neue Lern- und Lehrsettings gef\u00f6rdert und die M\u00f6glichkeiten einer Online-Kooperation genutzt werden. BIP zielen auf die Entwicklung kurzer, intensiver und gemeinsamer Curricula und Aktivit\u00e4ten. Studierende und Hochschulmitarbeitende haben so die M\u00f6glichkeit, an einer kurzen physischen Gruppenmobilit\u00e4t, kombiniert mit einer virtuellen Phase, teilzunehmen. F\u00fcr das Studienjahr 2022\/2023 entsteht nun ein solches Curriculum im Bereich Sozialwesen, das es den Studierenden erm\u00f6glicht, drei Credits zu erarbeiten und durch einen Besuch vor Ort auch die Geschichte und kulturellen Traditionen des Landes sowie die akademischen Strukturen der Hochschule kennenzulernen.<\/p>\n<p>Daneben gab es ein kulturelles Rahmenprogramm, das auf eindrucksvolle Weise Land und Leute n\u00e4herbrachte. Bukarests riesiges Parlamentsgeb\u00e4ude, der Altstadtkern, die Kirchen und Kl\u00f6ster in der Stadt sowie ein Museumsdorf unter freiem Himmel gaben unvergleichliche Eindr\u00fccke in die wechselvolle Geschichte und Kultur des Landes.<\/p>\n<p><img loading=\"lazy\" decoding=\"async\" class=\"alignnone size-medium wp-image-25076\" src=\"https:\/\/www.thh-friedensau.de\/content\/uploads\/IMG_6628_-1500x1125.jpg\" alt=\"\" width=\"1500\" height=\"1125\" srcset=\"https:\/\/www.thh-friedensau.de\/content\/uploads\/IMG_6628_-1500x1125.jpg 1500w, https:\/\/www.thh-friedensau.de\/content\/uploads\/IMG_6628_-2000x1500.jpg 2000w, https:\/\/www.thh-friedensau.de\/content\/uploads\/IMG_6628_-800x600.jpg 800w, https:\/\/www.thh-friedensau.de\/content\/uploads\/IMG_6628_-1536x1152.jpg 1536w, https:\/\/www.thh-friedensau.de\/content\/uploads\/IMG_6628_-500x375.jpg 500w, https:\/\/www.thh-friedensau.de\/content\/uploads\/IMG_6628_-350x263.jpg 350w, https:\/\/www.thh-friedensau.de\/content\/uploads\/IMG_6628_.jpg 2016w\" sizes=\"auto, (max-width: 1500px) 100vw, 1500px\" \/><\/p>\n<p>Foto: privat[\/vc_column_text][\/vc_column][\/vc_row][vc_row][vc_column width=\"1\/3\"][vc_customSinglebutton ct_pagelink=\"Erasmus+ #7260\" ct_button=\"Overview\"][\/vc_column][vc_column width=\"1\/3\"][\/vc_column][vc_column width=\"1\/3\"][\/vc_column][\/vc_row]<\/p>\n<\/div>","protected":false},"excerpt":{"rendered":"<p>[vc_row][vc_column][vc_custom_heading text=&#8221;Dozentin plant Erasmus-Projekt mit Cernica&#8221; font_container=&#8221;tag:h1&#8243;][vc_column_text]Vom 19. bis 22. Juli 2022 war Dr. Friedegard F\u00f6ltz (Bildmitte), Dozentin am Fachbereich Sozialwesen der ThHF, an der Universitatae Adventus in Cernica, Rum\u00e4nien, zu Gast, um die Partnerhochschule und die Mitarbeitenden kennenzulernen, sich \u00fcber die Strukturen des p\u00e4dagogischen Fachbereichs zu informieren und ein gemeinsames Projekt zu planen. Eine [&hellip;]<\/p>\n","protected":false},"author":121,"featured_media":0,"parent":7260,"menu_order":8,"comment_status":"closed","ping_status":"closed","template":"","meta":{"_acf_changed":false,"footnotes":""},"coauthors":[145],"class_list":["post-39596","page","type-page","status-publish","hentry"],"acf":[],"_links":{"self":[{"href":"https:\/\/www.thh-friedensau.de\/en\/wp-json\/wp\/v2\/pages\/39596","targetHints":{"allow":["GET"]}}],"collection":[{"href":"https:\/\/www.thh-friedensau.de\/en\/wp-json\/wp\/v2\/pages"}],"about":[{"href":"https:\/\/www.thh-friedensau.de\/en\/wp-json\/wp\/v2\/types\/page"}],"author":[{"embeddable":true,"href":"https:\/\/www.thh-friedensau.de\/en\/wp-json\/wp\/v2\/users\/121"}],"replies":[{"embeddable":true,"href":"https:\/\/www.thh-friedensau.de\/en\/wp-json\/wp\/v2\/comments?post=39596"}],"version-history":[{"count":1,"href":"https:\/\/www.thh-friedensau.de\/en\/wp-json\/wp\/v2\/pages\/39596\/revisions"}],"predecessor-version":[{"id":42119,"href":"https:\/\/www.thh-friedensau.de\/en\/wp-json\/wp\/v2\/pages\/39596\/revisions\/42119"}],"up":[{"embeddable":true,"href":"https:\/\/www.thh-friedensau.de\/en\/wp-json\/wp\/v2\/pages\/7260"}],"wp:attachment":[{"href":"https:\/\/www.thh-friedensau.de\/en\/wp-json\/wp\/v2\/media?parent=39596"}],"wp:term":[{"taxonomy":"author","embeddable":true,"href":"https:\/\/www.thh-friedensau.de\/en\/wp-json\/wp\/v2\/coauthors?post=39596"}],"curies":[{"name":"wp","href":"https:\/\/api.w.org\/{rel}","templated":true}]}}