{"id":39601,"date":"2024-09-21T21:32:54","date_gmt":"2024-09-21T19:32:54","guid":{"rendered":"https:\/\/www.thh-friedensau.de\/?page_id=39601"},"modified":"2024-11-24T21:04:10","modified_gmt":"2024-11-24T20:04:10","slug":"coronazeit","status":"publish","type":"page","link":"https:\/\/www.thh-friedensau.de\/en\/overview-of-our-study-programs\/erasmus\/coronazeit\/","title":{"rendered":"Coronazeit"},"content":{"rendered":"<div class=\"wpb-content-wrapper\"><p>[vc_row][vc_column][vc_custom_heading text=\"Coronazeit\" font_container=\"tag:h1\"][vc_column_text]Auf dem Bild sieht man meinen Ausblick am Flughafen London Stansted nachts um 2.30 Uhr, was ich auf Instagram gepostet hatte. \u201eZu sch\u00f6n, um wahr zu sein\u201c war dabei eher ironisch gemeint!<img loading=\"lazy\" decoding=\"async\" class=\" wp-image-15913 alignright\" src=\"https:\/\/www.thh-friedensau.de\/content\/uploads\/Corona.jpg\" alt=\"\" width=\"193\" height=\"343\" srcset=\"https:\/\/www.thh-friedensau.de\/content\/uploads\/Corona.jpg 690w, https:\/\/www.thh-friedensau.de\/content\/uploads\/Corona-450x800.jpg 450w, https:\/\/www.thh-friedensau.de\/content\/uploads\/Corona-281x500.jpg 281w, https:\/\/www.thh-friedensau.de\/content\/uploads\/Corona-197x350.jpg 197w\" sizes=\"auto, (max-width: 193px) 100vw, 193px\" \/><\/p>\n<p>Die Corona-Krise hat sich drastisch und vor allem sehr schnell auf mein Praktikum ausgewirkt. Schon im Januar wurde man durch den Ausbruch der Krankheit in den Medien auf dem neusten Stand gehalten, aber alles schien f\u00fcr alle sehr weit entfernt. Durch mein Praktikum an einer Forschungseinrichtung, wo viele Biologen arbeiten, wurde das Thema fast Tag f\u00fcr Tag diskutiert, aber niemand hatte damit gerechnet, dass sich innerhalb von 4 Wochen alles drastisch \u00e4ndern wird. Am Wochenende vor meiner Abreise hatte ich Besuch von Freunden aus Deutschland und wir reisten nach London. Das Thema spitzte sich immer mehr zu, weswegen ich die Hygienema\u00dfnahmen schon f\u00fcr sehr wichtig gehalten habe. Meine Freunde waren zu dem Zeitpunkt noch sehr entspannt und ich hatte das Gef\u00fchl, dass ich schon panisch werde. Aber auch in meinem Umfeld am Institut wurden viele Sorgen ge\u00e4u\u00dfert, aufgrund mangelnder Kapazit\u00e4ten des Gesundheits-systems in England und des \u201eHerden-Immunit\u00e4t\u201c-Ziels von Boris Johnson. Durch die London-Reise hatte ich beschlossen aus Sicherheit eine Woche zu Hause zu bleiben. Ich war sehr viel in \u00f6ffentlichen Verkehrsmitteln unterwegs und hatte in einem 9-Bettzimmer im Hostel \u00fcbernachtet. Am Dienstag hatte ich mit Frau Wittkamp telefoniert, da ich mit der immer be\u00e4ngstigender werdenden Situation \u00fcberfordert war. Allerdings entschied ich mich, in England zu bleiben. Am darauffolgenden Tag bekam das Forschungsinstitut eine E-Mail vom Vize-Kanzler der Universit\u00e4t, wo alle internationalen Studenten gebeten werden, so schnell wie m\u00f6glich die R\u00fcckreise in das jeweilige Heimatland anzutreten. Ich war komplett \u00fcberfordert, da ich eigentlich einen Tag vorher froh \u00fcber meine Entscheidung war. Ich hatte noch mit meinem Gruppenleiter, meiner Betreuerin und der deutschen Botschaft in England Kontakt und alle meinten, dass man so schnell wie m\u00f6glich nach Hause fliegen solle. Einen Tag sp\u00e4ter war ein g\u00fcnstiger Flug vorhanden, den ich mir dann auch gebucht hatte. Jetzt bin ich traurigerweise seit 12 Tagen wieder in Deutschland, aber bin trotzdem \u00fcberzeugt, dass ich die richtige Entscheidung getroffen habe, das Land wieder zu verlassen.<\/p>\n<p>Name: Jolina Marx<br \/>\nStudiengang: Master Biologie<br \/>\nZielland: Gro\u00dfbritannien<br \/>\nName der Praktikumseinrichtung: Sainsbury Laboratory University of Cambridge<br \/>\nDerzeitiger Status: vorzeitiger Abbruch (?)[\/vc_column_text][\/vc_column][\/vc_row][vc_row][vc_column width=\"1\/3\"][vc_customSinglebutton ct_pagelink=\"Erasmus+ #7260\" ct_button=\"Overview\"][\/vc_column][vc_column width=\"1\/3\"][\/vc_column][vc_column width=\"1\/3\"][\/vc_column][\/vc_row]<\/p>\n<\/div>","protected":false},"excerpt":{"rendered":"<p>[vc_row][vc_column][vc_custom_heading text=&#8221;Coronazeit&#8221; font_container=&#8221;tag:h1&#8243;][vc_column_text]Auf dem Bild sieht man meinen Ausblick am Flughafen London Stansted nachts um 2.30 Uhr, was ich auf Instagram gepostet hatte. \u201eZu sch\u00f6n, um wahr zu sein\u201c war dabei eher ironisch gemeint! Die Corona-Krise hat sich drastisch und vor allem sehr schnell auf mein Praktikum ausgewirkt. Schon im Januar wurde man durch den [&hellip;]<\/p>\n","protected":false},"author":121,"featured_media":0,"parent":7260,"menu_order":9,"comment_status":"closed","ping_status":"closed","template":"","meta":{"_acf_changed":false,"footnotes":""},"coauthors":[145],"class_list":["post-39601","page","type-page","status-publish","hentry"],"acf":[],"_links":{"self":[{"href":"https:\/\/www.thh-friedensau.de\/en\/wp-json\/wp\/v2\/pages\/39601","targetHints":{"allow":["GET"]}}],"collection":[{"href":"https:\/\/www.thh-friedensau.de\/en\/wp-json\/wp\/v2\/pages"}],"about":[{"href":"https:\/\/www.thh-friedensau.de\/en\/wp-json\/wp\/v2\/types\/page"}],"author":[{"embeddable":true,"href":"https:\/\/www.thh-friedensau.de\/en\/wp-json\/wp\/v2\/users\/121"}],"replies":[{"embeddable":true,"href":"https:\/\/www.thh-friedensau.de\/en\/wp-json\/wp\/v2\/comments?post=39601"}],"version-history":[{"count":1,"href":"https:\/\/www.thh-friedensau.de\/en\/wp-json\/wp\/v2\/pages\/39601\/revisions"}],"predecessor-version":[{"id":42122,"href":"https:\/\/www.thh-friedensau.de\/en\/wp-json\/wp\/v2\/pages\/39601\/revisions\/42122"}],"up":[{"embeddable":true,"href":"https:\/\/www.thh-friedensau.de\/en\/wp-json\/wp\/v2\/pages\/7260"}],"wp:attachment":[{"href":"https:\/\/www.thh-friedensau.de\/en\/wp-json\/wp\/v2\/media?parent=39601"}],"wp:term":[{"taxonomy":"author","embeddable":true,"href":"https:\/\/www.thh-friedensau.de\/en\/wp-json\/wp\/v2\/coauthors?post=39601"}],"curies":[{"name":"wp","href":"https:\/\/api.w.org\/{rel}","templated":true}]}}