{"id":39606,"date":"2024-09-21T21:36:35","date_gmt":"2024-09-21T19:36:35","guid":{"rendered":"https:\/\/www.thh-friedensau.de\/?page_id=39606"},"modified":"2024-11-24T21:04:59","modified_gmt":"2024-11-24T20:04:59","slug":"csw-mitarbeiter-in-irland","status":"publish","type":"page","link":"https:\/\/www.thh-friedensau.de\/en\/overview-of-our-study-programs\/erasmus\/csw-mitarbeiter-in-irland\/","title":{"rendered":"CSW-Mitarbeiter in Irland"},"content":{"rendered":"<div class=\"wpb-content-wrapper\"><p>[vc_row][vc_column][vc_custom_heading text=\"CSW-Mitarbeiter in Irland\" font_container=\"tag:h1\"][vc_column_text]Vom 1.-6. M\u00e4rz, noch rechtzeitig, bevor eine andere Zeit durch die COVID-19 Situation \u00fcber uns hereinbrach, konnten drei Kolleg*innen des Fachbereichs Christliches Sozialwesen und Studiengangsleiterinnen der Studieng\u00e4nge M.A. International Social Sciences und B.A. Soziale Arbeit eine Staff-Mobilit\u00e4tsphase mit Erasmus+ an der Maynooth University in Irland durchf\u00fchren.<\/p>\n<p><img loading=\"lazy\" decoding=\"async\" class=\" wp-image-15909 alignleft\" src=\"https:\/\/www.thh-friedensau.de\/content\/uploads\/IMG_2811-1500x1125.jpg\" alt=\"\" width=\"255\" height=\"191\" srcset=\"https:\/\/www.thh-friedensau.de\/content\/uploads\/IMG_2811-1500x1125.jpg 1500w, https:\/\/www.thh-friedensau.de\/content\/uploads\/IMG_2811-2000x1500.jpg 2000w, https:\/\/www.thh-friedensau.de\/content\/uploads\/IMG_2811-800x600.jpg 800w, https:\/\/www.thh-friedensau.de\/content\/uploads\/IMG_2811-1536x1152.jpg 1536w, https:\/\/www.thh-friedensau.de\/content\/uploads\/IMG_2811-2048x1536.jpg 2048w, https:\/\/www.thh-friedensau.de\/content\/uploads\/IMG_2811-500x375.jpg 500w, https:\/\/www.thh-friedensau.de\/content\/uploads\/IMG_2811-350x263.jpg 350w\" sizes=\"auto, (max-width: 255px) 100vw, 255px\" \/>Ziel war es, Internationalisierungsstrategien dieser Universit\u00e4t und den spezifischen Rahmen der Studieng\u00e4nge des Department of International Development und des B.A. Social Work, kennenzulernen, sich mit Kolleg*innen auszutauschen, zu schauen, ob und wie Kooperationsm\u00f6glichkeiten in den Blick genommen werden k\u00f6nnen, einen E-Learning Workshop zu besuchen und nicht zuletzt in die englische Sprache einzutauchen und Irland und die Kultur zu erfahren.<\/p>\n<p>So war die Woche vollgepackt mit Aktivit\u00e4ten und neuen Eindr\u00fccken. Wir wurden herzlich willkommen gehei\u00dfen und es gab einen vollen Terminkalender, der au\u00dfer dem Workshop verschiedene Treffen mit Dozent*innen unterschiedlicher Funktions- und Verantwortungsbereiche vorsah. Die Beziehungen und der Austausch konnten abends bei einem Pubbesuch weiter vertieft werden.<\/p>\n<p>Der Workshop \u00fcber E-Learning f\u00fchrte uns einmal mehr die Relevanz der Weiterentwicklung der Digitalisierung im Hochschulbereich plastisch vor Augen und motivierte uns, dort mehr Aufmerksamkeit und Aktivit\u00e4ten zu investieren. Diese Notwendigkeit ergab sich dann auch sofort nach unserer R\u00fcckkehr aufgrund der sich anbahnenden Situation durch COVID-19. Dieser Workshop war eine ideale Vorlage f\u00fcr unsere momentanen Bem\u00fchungen und Herausforderungen, die Lehre unter diesen Umst\u00e4nden aufrechtzuerhalten.<\/p>\n<p>Wir haben ein besseres Verst\u00e4ndnis des spezifischen Rahmens dieser Studieng\u00e4nge an der Maynooth University bekommen und werden weiter die M\u00f6glichkeiten zur Zusammenarbeit in Bezug auf Curricula, M\u00f6glichkeiten des Austausches f\u00fcr Studierende, Summerschools oder Praktika ausloten. Ein gemeinsamer Workshop zum Thema \u201eTeaching Development Studies in the Global North\u201c ist noch f\u00fcr dieses Jahr in Friedensau geplant.\u00a0 Wir freuen uns daf\u00fcr unser Kolleg*innen aus Maynooth in Friedensau zu empfangen.[\/vc_column_text][\/vc_column][\/vc_row][vc_row][vc_column width=\"1\/3\"][vc_customSinglebutton ct_pagelink=\"Erasmus+ #7260\" ct_button=\"Overview\"][\/vc_column][vc_column width=\"1\/3\"][\/vc_column][vc_column width=\"1\/3\"][\/vc_column][\/vc_row]<\/p>\n<\/div>","protected":false},"excerpt":{"rendered":"<p>[vc_row][vc_column][vc_custom_heading text=&#8221;CSW-Mitarbeiter in Irland&#8221; font_container=&#8221;tag:h1&#8243;][vc_column_text]Vom 1.-6. M\u00e4rz, noch rechtzeitig, bevor eine andere Zeit durch die COVID-19 Situation \u00fcber uns hereinbrach, konnten drei Kolleg*innen des Fachbereichs Christliches Sozialwesen und Studiengangsleiterinnen der Studieng\u00e4nge M.A. International Social Sciences und B.A. Soziale Arbeit eine Staff-Mobilit\u00e4tsphase mit Erasmus+ an der Maynooth University in Irland durchf\u00fchren. Ziel war es, Internationalisierungsstrategien dieser [&hellip;]<\/p>\n","protected":false},"author":121,"featured_media":0,"parent":7260,"menu_order":10,"comment_status":"closed","ping_status":"closed","template":"","meta":{"_acf_changed":false,"footnotes":""},"coauthors":[145],"class_list":["post-39606","page","type-page","status-publish","hentry"],"acf":[],"_links":{"self":[{"href":"https:\/\/www.thh-friedensau.de\/en\/wp-json\/wp\/v2\/pages\/39606","targetHints":{"allow":["GET"]}}],"collection":[{"href":"https:\/\/www.thh-friedensau.de\/en\/wp-json\/wp\/v2\/pages"}],"about":[{"href":"https:\/\/www.thh-friedensau.de\/en\/wp-json\/wp\/v2\/types\/page"}],"author":[{"embeddable":true,"href":"https:\/\/www.thh-friedensau.de\/en\/wp-json\/wp\/v2\/users\/121"}],"replies":[{"embeddable":true,"href":"https:\/\/www.thh-friedensau.de\/en\/wp-json\/wp\/v2\/comments?post=39606"}],"version-history":[{"count":1,"href":"https:\/\/www.thh-friedensau.de\/en\/wp-json\/wp\/v2\/pages\/39606\/revisions"}],"predecessor-version":[{"id":42124,"href":"https:\/\/www.thh-friedensau.de\/en\/wp-json\/wp\/v2\/pages\/39606\/revisions\/42124"}],"up":[{"embeddable":true,"href":"https:\/\/www.thh-friedensau.de\/en\/wp-json\/wp\/v2\/pages\/7260"}],"wp:attachment":[{"href":"https:\/\/www.thh-friedensau.de\/en\/wp-json\/wp\/v2\/media?parent=39606"}],"wp:term":[{"taxonomy":"author","embeddable":true,"href":"https:\/\/www.thh-friedensau.de\/en\/wp-json\/wp\/v2\/coauthors?post=39606"}],"curies":[{"name":"wp","href":"https:\/\/api.w.org\/{rel}","templated":true}]}}