{"id":39608,"date":"2024-09-21T21:37:20","date_gmt":"2024-09-21T19:37:20","guid":{"rendered":"https:\/\/www.thh-friedensau.de\/erasmus\/csw-mitarbeiter-in-irland-2\/"},"modified":"2024-11-24T21:05:51","modified_gmt":"2024-11-24T20:05:51","slug":"in-bruessel","status":"publish","type":"page","link":"https:\/\/www.thh-friedensau.de\/en\/overview-of-our-study-programs\/erasmus\/in-bruessel\/","title":{"rendered":"In Br\u00fcssel"},"content":{"rendered":"<div class=\"wpb-content-wrapper\"><p>[vc_row][vc_column][vc_custom_heading text=\"In Br\u00fcssel\" font_container=\"tag:h1\"][vc_column_text]<img loading=\"lazy\" decoding=\"async\" class=\"size-full wp-image-15960 aligncenter\" src=\"https:\/\/www.thh-friedensau.de\/content\/uploads\/Ruhe.jpg\" alt=\"\" width=\"473\" height=\"355\" srcset=\"https:\/\/www.thh-friedensau.de\/content\/uploads\/Ruhe.jpg 473w, https:\/\/www.thh-friedensau.de\/content\/uploads\/Ruhe-350x263.jpg 350w\" sizes=\"auto, (max-width: 473px) 100vw, 473px\" \/><\/p>\n<p>Das Bild habe ich am ersten Abend in Br\u00fcssel aufgenommen. Am linken Bildrand erkennt man einige Autos, die zu dem Zeitpunkt noch gefahren sind. An dem Abend war ich noch in der Stadt, wo viele Menschen in den Bars und Restaurants waren. Man musste Gl\u00fcck haben ein Platz zu bekommen. Die ersten zwei Wochen meines Praktikums habe ich im B\u00fcro verbracht und war auf Veranstaltungen. Alles in allem, hatte ich viel mit Menschen zu tun. Dann kam die Nachricht, dass wir keine Au\u00dfentermine wahrnehmen sollen. Die Ma\u00dfnahme w\u00fcrde innerhalb von zwei-drei Tagen versch\u00e4rft und alle Mitarbeiter mussten ins Homeoffice. In der selben Woche hat Belgien die Grenzen geschlossen und ich war froh, dass ich zwei Tag vor dem Beschluss nach Hause gefahren bin. Da der Coronavirus in Belgien lange noch nicht \u00fcberwunden ist und die Ma\u00dfnahmen verl\u00e4ngert wurde, musste ich leider die Entscheidung treffen mein Praktikum abzubrechen. So kann man sehen, dass sich eine Situation innerhalb von zwei Wochen total \u00e4ndern kann. Das Leben steck voller \u00dcberraschungen und wir alle m\u00fcssen jetzt Solidarit\u00e4t und Optimismus zeigen.<\/p>\n<p>Amanda Zieseniss<\/p>\n<p>Hochschule Magdeburg-Stendal, Betriebswirtschaftslehre<\/p>\n<p>Praktikum bei der Vertretung des Landes Sachsen-Anhalt bei der EU in Br\u00fcssel, Belgien[\/vc_column_text][\/vc_column][\/vc_row][vc_row][vc_column width=\"1\/3\"][vc_customSinglebutton ct_pagelink=\"Erasmus+ #6876\" ct_button=\"Overview\"][\/vc_column][vc_column width=\"1\/3\"][\/vc_column][vc_column width=\"1\/3\"][\/vc_column][\/vc_row]<\/p>\n<\/div>","protected":false},"excerpt":{"rendered":"<p>[vc_row][vc_column][vc_custom_heading text=&#8221;In Br\u00fcssel&#8221; font_container=&#8221;tag:h1&#8243;][vc_column_text] Das Bild habe ich am ersten Abend in Br\u00fcssel aufgenommen. Am linken Bildrand erkennt man einige Autos, die zu dem Zeitpunkt noch gefahren sind. An dem Abend war ich noch in der Stadt, wo viele Menschen in den Bars und Restaurants waren. Man musste Gl\u00fcck haben ein Platz zu bekommen. Die [&hellip;]<\/p>\n","protected":false},"author":121,"featured_media":0,"parent":7260,"menu_order":11,"comment_status":"closed","ping_status":"closed","template":"","meta":{"_acf_changed":false,"footnotes":""},"coauthors":[145],"class_list":["post-39608","page","type-page","status-publish","hentry"],"acf":[],"_links":{"self":[{"href":"https:\/\/www.thh-friedensau.de\/en\/wp-json\/wp\/v2\/pages\/39608","targetHints":{"allow":["GET"]}}],"collection":[{"href":"https:\/\/www.thh-friedensau.de\/en\/wp-json\/wp\/v2\/pages"}],"about":[{"href":"https:\/\/www.thh-friedensau.de\/en\/wp-json\/wp\/v2\/types\/page"}],"author":[{"embeddable":true,"href":"https:\/\/www.thh-friedensau.de\/en\/wp-json\/wp\/v2\/users\/121"}],"replies":[{"embeddable":true,"href":"https:\/\/www.thh-friedensau.de\/en\/wp-json\/wp\/v2\/comments?post=39608"}],"version-history":[{"count":1,"href":"https:\/\/www.thh-friedensau.de\/en\/wp-json\/wp\/v2\/pages\/39608\/revisions"}],"predecessor-version":[{"id":42126,"href":"https:\/\/www.thh-friedensau.de\/en\/wp-json\/wp\/v2\/pages\/39608\/revisions\/42126"}],"up":[{"embeddable":true,"href":"https:\/\/www.thh-friedensau.de\/en\/wp-json\/wp\/v2\/pages\/7260"}],"wp:attachment":[{"href":"https:\/\/www.thh-friedensau.de\/en\/wp-json\/wp\/v2\/media?parent=39608"}],"wp:term":[{"taxonomy":"author","embeddable":true,"href":"https:\/\/www.thh-friedensau.de\/en\/wp-json\/wp\/v2\/coauthors?post=39608"}],"curies":[{"name":"wp","href":"https:\/\/api.w.org\/{rel}","templated":true}]}}