{"id":39613,"date":"2024-09-21T21:40:52","date_gmt":"2024-09-21T19:40:52","guid":{"rendered":"https:\/\/www.thh-friedensau.de\/erasmus\/in-bruessel-2\/"},"modified":"2024-11-24T21:06:43","modified_gmt":"2024-11-24T20:06:43","slug":"in-frankreich","status":"publish","type":"page","link":"https:\/\/www.thh-friedensau.de\/en\/overview-of-our-study-programs\/erasmus\/in-frankreich\/","title":{"rendered":"In Frankreich"},"content":{"rendered":"<div class=\"wpb-content-wrapper\"><p>[vc_row][vc_column][vc_custom_heading text=\"In Frankreich\" font_container=\"tag:h1\"][vc_column_text]Ich habe als Fremdsprachenassistentin in Frankreich gearbeitet und musste mein Praktikum fr\u00fchzeitig vor Ort beenden, da ab dem 16.03. alle Schulen geschlossen wurden. An meinem letzten Tag haben die Sch\u00fclerinnen und Sch\u00fcler mir als Abschiedsgeschenk Briefe und Pralinen \u00fcberreicht, die Briefe h\u00e4ngen nun eingerahmt \u00fcber meinem Schreibtisch und erinnern mich immer daran,warum ich Lehrerin werden m\u00f6chte. Ich konnte vorerst nichts weiter tun, da auch die Lehrerinnen nicht mit der Situation richtig umzugehen wussten. Heute nehme ich ab und an Audiodateien f\u00fcr meine Lehrerinnen und deren Sch\u00fclerinnen und Sch\u00fcler auf, um sie beim Lernen Zuhause zu unterst\u00fctzen.<\/p>\n<p><img loading=\"lazy\" decoding=\"async\" class=\" wp-image-15969 aligncenter\" src=\"https:\/\/www.thh-friedensau.de\/content\/uploads\/20200313_181116-1500x1500.jpg\" alt=\"\" width=\"350\" height=\"350\" srcset=\"https:\/\/www.thh-friedensau.de\/content\/uploads\/20200313_181116-1500x1500.jpg 1500w, https:\/\/www.thh-friedensau.de\/content\/uploads\/20200313_181116-2000x2000.jpg 2000w, https:\/\/www.thh-friedensau.de\/content\/uploads\/20200313_181116-500x500.jpg 500w, https:\/\/www.thh-friedensau.de\/content\/uploads\/20200313_181116-800x800.jpg 800w, https:\/\/www.thh-friedensau.de\/content\/uploads\/20200313_181116-1536x1536.jpg 1536w, https:\/\/www.thh-friedensau.de\/content\/uploads\/20200313_181116-2048x2048.jpg 2048w, https:\/\/www.thh-friedensau.de\/content\/uploads\/20200313_181116-350x350.jpg 350w\" sizes=\"auto, (max-width: 350px) 100vw, 350px\" \/><br \/>\nJessica S\u00e4hrig, Martin-Luther-Universit\u00e4t Halle-Wittenberg, Lehramt Gymnasium Franz\u00f6sisch\/ Ethik, Frankreich, Acad\u00e9mie de Versailles, ehemalige Fremdsprachenassistentin[\/vc_column_text][\/vc_column][\/vc_row][vc_row][vc_column width=\"1\/3\"][vc_customSinglebutton ct_pagelink=\"Erasmus+ #7260\" ct_button=\"Overview\"][\/vc_column][vc_column width=\"1\/3\"][\/vc_column][vc_column width=\"1\/3\"][\/vc_column][\/vc_row]<\/p>\n<\/div>","protected":false},"excerpt":{"rendered":"<p>[vc_row][vc_column][vc_custom_heading text=&#8221;In Frankreich&#8221; font_container=&#8221;tag:h1&#8243;][vc_column_text]Ich habe als Fremdsprachenassistentin in Frankreich gearbeitet und musste mein Praktikum fr\u00fchzeitig vor Ort beenden, da ab dem 16.03. alle Schulen geschlossen wurden. An meinem letzten Tag haben die Sch\u00fclerinnen und Sch\u00fcler mir als Abschiedsgeschenk Briefe und Pralinen \u00fcberreicht, die Briefe h\u00e4ngen nun eingerahmt \u00fcber meinem Schreibtisch und erinnern mich immer daran,warum [&hellip;]<\/p>\n","protected":false},"author":121,"featured_media":0,"parent":7260,"menu_order":12,"comment_status":"closed","ping_status":"closed","template":"","meta":{"_acf_changed":false,"footnotes":""},"coauthors":[145],"class_list":["post-39613","page","type-page","status-publish","hentry"],"acf":[],"_links":{"self":[{"href":"https:\/\/www.thh-friedensau.de\/en\/wp-json\/wp\/v2\/pages\/39613","targetHints":{"allow":["GET"]}}],"collection":[{"href":"https:\/\/www.thh-friedensau.de\/en\/wp-json\/wp\/v2\/pages"}],"about":[{"href":"https:\/\/www.thh-friedensau.de\/en\/wp-json\/wp\/v2\/types\/page"}],"author":[{"embeddable":true,"href":"https:\/\/www.thh-friedensau.de\/en\/wp-json\/wp\/v2\/users\/121"}],"replies":[{"embeddable":true,"href":"https:\/\/www.thh-friedensau.de\/en\/wp-json\/wp\/v2\/comments?post=39613"}],"version-history":[{"count":1,"href":"https:\/\/www.thh-friedensau.de\/en\/wp-json\/wp\/v2\/pages\/39613\/revisions"}],"predecessor-version":[{"id":42128,"href":"https:\/\/www.thh-friedensau.de\/en\/wp-json\/wp\/v2\/pages\/39613\/revisions\/42128"}],"up":[{"embeddable":true,"href":"https:\/\/www.thh-friedensau.de\/en\/wp-json\/wp\/v2\/pages\/7260"}],"wp:attachment":[{"href":"https:\/\/www.thh-friedensau.de\/en\/wp-json\/wp\/v2\/media?parent=39613"}],"wp:term":[{"taxonomy":"author","embeddable":true,"href":"https:\/\/www.thh-friedensau.de\/en\/wp-json\/wp\/v2\/coauthors?post=39613"}],"curies":[{"name":"wp","href":"https:\/\/api.w.org\/{rel}","templated":true}]}}