{"id":39622,"date":"2024-09-21T21:48:06","date_gmt":"2024-09-21T19:48:06","guid":{"rendered":"https:\/\/www.thh-friedensau.de\/?page_id=39622"},"modified":"2024-11-24T21:07:22","modified_gmt":"2024-11-24T20:07:22","slug":"home-office-in-prag","status":"publish","type":"page","link":"https:\/\/www.thh-friedensau.de\/en\/overview-of-our-study-programs\/erasmus\/home-office-in-prag\/","title":{"rendered":"Home-office in Prag"},"content":{"rendered":"<div class=\"wpb-content-wrapper\"><p>[vc_row][vc_column][vc_custom_heading text=\"Home-office in Prag\" font_container=\"tag:h1\"][vc_column_text]<\/p>\n<div id=\"attachment_15971\" style=\"width: 167px\" class=\"wp-caption alignleft\"><img loading=\"lazy\" decoding=\"async\" aria-describedby=\"caption-attachment-15971\" class=\" wp-image-15971\" src=\"https:\/\/www.thh-friedensau.de\/content\/uploads\/DuteloffPragHomeOffice-1125x1500.jpg\" alt=\"\" width=\"157\" height=\"209\" srcset=\"https:\/\/www.thh-friedensau.de\/content\/uploads\/DuteloffPragHomeOffice-1125x1500.jpg 1125w, https:\/\/www.thh-friedensau.de\/content\/uploads\/DuteloffPragHomeOffice-1500x2000.jpg 1500w, https:\/\/www.thh-friedensau.de\/content\/uploads\/DuteloffPragHomeOffice-600x800.jpg 600w, https:\/\/www.thh-friedensau.de\/content\/uploads\/DuteloffPragHomeOffice-1152x1536.jpg 1152w, https:\/\/www.thh-friedensau.de\/content\/uploads\/DuteloffPragHomeOffice-1536x2048.jpg 1536w, https:\/\/www.thh-friedensau.de\/content\/uploads\/DuteloffPragHomeOffice-375x500.jpg 375w, https:\/\/www.thh-friedensau.de\/content\/uploads\/DuteloffPragHomeOffice-263x350.jpg 263w, https:\/\/www.thh-friedensau.de\/content\/uploads\/DuteloffPragHomeOffice-scaled.jpg 1920w\" sizes=\"auto, (max-width: 157px) 100vw, 157px\" \/><p id=\"caption-attachment-15971\" class=\"wp-caption-text\">dav<\/p><\/div>\n<p>Seit September 2019 absolviere ich ein einj\u00e4hriges Praktikum beim Open-Source 3D-Drucker-Pionier Prusa in Prag. Meine Hauptaufgabe besteht in der Entwicklung und Umsetzung von Automatisierungstools f\u00fcr die Filamentproduktion. Den gr\u00f6\u00dften Teil dieser Arbeit kann ich seit Anfang M\u00e4rz im Homeoffice erledigen und dank des 3D-Druckers die konstruierten Teile auch herstellen. Ab und zu fahre ich dann doch mit Mundschutz und Fahrrad auf Arbeit, um die Teile zu verbauen und zu testen.<\/p>\n<p>Jonas Duteloff, Burg Giebichenstein Kunsthochschule Halle, B.A. Industriedesign, Tschechien, Prusa Polymers a.s., Praktikum haupts\u00e4chlich im Homeoffice in Prag[\/vc_column_text][\/vc_column][\/vc_row][vc_row][vc_column width=\"1\/3\"][vc_customSinglebutton ct_pagelink=\"Erasmus+ #7260\" ct_button=\"Overview\"][\/vc_column][vc_column width=\"1\/3\"][\/vc_column][vc_column width=\"1\/3\"][\/vc_column][\/vc_row]<\/p>\n<\/div>","protected":false},"excerpt":{"rendered":"<p>[vc_row][vc_column][vc_custom_heading text=&#8221;Home-office in Prag&#8221; font_container=&#8221;tag:h1&#8243;][vc_column_text] Seit September 2019 absolviere ich ein einj\u00e4hriges Praktikum beim Open-Source 3D-Drucker-Pionier Prusa in Prag. Meine Hauptaufgabe besteht in der Entwicklung und Umsetzung von Automatisierungstools f\u00fcr die Filamentproduktion. Den gr\u00f6\u00dften Teil dieser Arbeit kann ich seit Anfang M\u00e4rz im Homeoffice erledigen und dank des 3D-Druckers die konstruierten Teile auch herstellen. Ab [&hellip;]<\/p>\n","protected":false},"author":121,"featured_media":0,"parent":7260,"menu_order":13,"comment_status":"closed","ping_status":"closed","template":"","meta":{"_acf_changed":false,"footnotes":""},"coauthors":[145],"class_list":["post-39622","page","type-page","status-publish","hentry"],"acf":[],"_links":{"self":[{"href":"https:\/\/www.thh-friedensau.de\/en\/wp-json\/wp\/v2\/pages\/39622","targetHints":{"allow":["GET"]}}],"collection":[{"href":"https:\/\/www.thh-friedensau.de\/en\/wp-json\/wp\/v2\/pages"}],"about":[{"href":"https:\/\/www.thh-friedensau.de\/en\/wp-json\/wp\/v2\/types\/page"}],"author":[{"embeddable":true,"href":"https:\/\/www.thh-friedensau.de\/en\/wp-json\/wp\/v2\/users\/121"}],"replies":[{"embeddable":true,"href":"https:\/\/www.thh-friedensau.de\/en\/wp-json\/wp\/v2\/comments?post=39622"}],"version-history":[{"count":1,"href":"https:\/\/www.thh-friedensau.de\/en\/wp-json\/wp\/v2\/pages\/39622\/revisions"}],"predecessor-version":[{"id":42129,"href":"https:\/\/www.thh-friedensau.de\/en\/wp-json\/wp\/v2\/pages\/39622\/revisions\/42129"}],"up":[{"embeddable":true,"href":"https:\/\/www.thh-friedensau.de\/en\/wp-json\/wp\/v2\/pages\/7260"}],"wp:attachment":[{"href":"https:\/\/www.thh-friedensau.de\/en\/wp-json\/wp\/v2\/media?parent=39622"}],"wp:term":[{"taxonomy":"author","embeddable":true,"href":"https:\/\/www.thh-friedensau.de\/en\/wp-json\/wp\/v2\/coauthors?post=39622"}],"curies":[{"name":"wp","href":"https:\/\/api.w.org\/{rel}","templated":true}]}}