{"id":42231,"date":"2024-11-25T19:23:53","date_gmt":"2024-11-25T18:23:53","guid":{"rendered":"https:\/\/www.thh-friedensau.de\/admission-requirements-of-friedensau-adventist-university\/"},"modified":"2025-05-15T09:01:53","modified_gmt":"2025-05-15T07:01:53","slug":"admission-requirements-of-friedensau-adventist-university","status":"publish","type":"page","link":"https:\/\/www.thh-friedensau.de\/en\/study-info\/admission-requirements-of-friedensau-adventist-university\/","title":{"rendered":"Admission requirements of Friedensau Adventist University"},"content":{"rendered":"<div class=\"wpb-content-wrapper\"><p>[vc_row el_class=\"fullwidth\"][vc_column]\n\t <div class=\"rev_slider_wrapper fullwidthbanner-container\">\n\t \t <div id=\"rev_slider_1776767420\" class=\"rev_slider fullwidthabanner \" data-version=\"5.4.5\" style=\"display:none\">\n\t\t <ul>\n\t\t \t[vc_customSlider ct_image=\"41329\"][\/vc_customSlider]\n\t\t <\/ul>\n\t\t <\/div>\n\t\t<\/div>\n\n\n\t\t<script>\n \t    \/* https:\/\/learn.jquery.com\/using-jquery-core\/document-ready\/ *\/\n \t    var wWidth = jQuery(window).width();\n\t\tif( \/Android|webOS|iPhone|iPad|iPod|BlackBerry|IEMobile|Opera Mini\/i.test(navigator.userAgent) ) {\n\t\t\tvar sliderType = \"carousel\";\n\t\t}\n\t    jQuery(document).ready(function() {\n\t\t\tfunction startSlider() {\n\t\t\t\tjQuery(\"#rev_slider_1776767420\").show().revolution({\n\t\t        \tsliderType: sliderType,\n\n\t\t        \t\/\/ responsive\n\t\t\t\t\tresponsiveLevels: [1240, 1024, 778, 480],\n\t\t        \tgridwidth:[1240, 1024, 778, 480],\n\t\t        \tgridheight:[400, 768, 960, 720],\n\t\t        \tvisibilityLevels:[1240, 1024, 1024, 480],\n\t\t            sliderLayout: \"fullwidth\",\n\t\t            spinner: \"spinner5\",\n\t\t            fullScreenOffset: \"80%\",\n\t\t            minHeight: \"700\",\n\t\t            navigation: {\n\t\t                arrows: {\n\t\t                    enable: false,\n\t\t                    style: \"zeus\",\n\t\t                    hide_onleave: true,\n\t\t                },\n\t\t                bullets: {\n                      enable: true,\n                      style: \"zeus\",\n                      hide_onleave: false,\n                      h_align: \"center\",\n                      v_align: \"bottom\",\n                      h_offset: 0,\n                      v_offset: 50,\n                      space: 10,\n                      tmp: \"<span class=\\\"tp-bullet-inner\\\"><\/span>\",\n\t\t                },\n\t\t                touch: {\n\t \t\t\t\t        touchenabled: \"on\",\n\t\t\t\t\t        swipe_threshold: 75,\n\t\t\t\t\t        swipe_min_touches: 1,\n\t\t\t\t\t        swipe_direction: \"horizontal\",\n\t\t\t\t\t        drag_block_vertical: true\n\n\t\t\t\t\t    }\n\t\t            }\n\t\t        });\n\t\t    }\n\n\t\t\tif (wWidth > 1500) {\n\t\t\t\tjQuery(\".rev-slidebg-img\").each(function() {\n\t\t\t\t\tjQuery(this).attr(\"src\", jQuery(this).attr(\"data-full\"));\n\t\t\t\t});\n\t\t\t}\n\t\t\tif (wWidth <= 1500 && wWidth > 1000) {\n\t\t\t\tjQuery(\".rev-slidebg-img\").each(function() {\n\t\t\t\t\tjQuery(this).attr(\"src\", jQuery(this).attr(\"data-large\"));\n\t\t\t\t});\n\t\t\t}\n\t\t\tif (wWidth <= 1000 && wWidth > 500) {\n\t\t\t\tjQuery(\".rev-slidebg-img\").each(function() {\n\t\t\t\t\tjQuery(this).attr(\"src\", jQuery(this).attr(\"data-large\"));\n\t\t\t\t});\n\t\t\t}\n\n\t\t\tstartSlider();\n\n      \/\/ Einblenden der Bullet Points, wenn mehr als ein Bild ist\n      setTimeout(function() {\n        if (jQuery(\".tp-bullets .tp-bullet\").length > 1) {\n          jQuery(\".tp-bullets\").fadeIn(500);\n        }\n      }, 1500);\n\n\n\t    });\n\t\t\/\/ Positionierung Text-Layer\n\t\tjQuery(window).load(function() {\n\t\t\tjQuery(\".tp-mask-wrap\").each(function() {\n\t\t\t\tjQuery(this).parent().css(\"bottom\", jQuery(this).height() + \"px\");\n\t\t\t});\n\t\t});\n\t<\/script>\n\t[\/vc_column][\/vc_row][vc_row][vc_column][vc_column_text]<\/p>\n<h2>Admission requirements<\/h2>\n\n<p>Um an der Theologischen Hochschule Friedensau zum Studium zugelassen zu werden, gelten bestimmte Zulassungsvoraussetzungen, die sicherstellen, dass alle Studierenden \u00fcber die n\u00f6tigen Qualifikationen verf\u00fcgen, um erfolgreich studieren zu k\u00f6nnen.[\/vc_column_text][vc_column_text]<\/p>\n<ul>\n<li><a href=\"https:\/\/www.thh-friedensau.de\/en\/social-sciences\/bachelor-of-arts-social-work\/#requirements\">Bachelor of Arts Social Work (Full and Part time | GER)<\/a><\/li>\n<li><a href=\"https:\/\/www.thh-friedensau.de\/en\/social-sciences\/bachelor-of-arts-international-social-work\/#requirements\">Bachelor of Arts International Social Work<\/a><\/li>\n<li><a href=\"https:\/\/www.thh-friedensau.de\/en\/theology\/bachelor-of-arts-theology\/#requirements\">Bachelor of Arts Theology (GER)<\/a><\/li>\n<\/ul>\n<p>[\/vc_column_text][vc_column_text]<\/p>\n<ul>\n<li><a href=\"https:\/\/www.thh-friedensau.de\/en\/overview-of-our-study-programs\/social-sciences\/master-of-arts-development-studies-online\/#requirements\">Master of Arts Development Studies (Online)<\/a><\/li>\n<li><a href=\"https:\/\/www.thh-friedensau.de\/en\/social-sciences\/master-of-arts-international-social-sciences\/#requirements\">Master of Arts Development Studies<\/a><\/li>\n<li><a href=\"https:\/\/www.thh-friedensau.de\/en\/social-sciences\/master-of-arts-music-therapy\/#requirements\">Master of Arts Music Therapy (GER)<\/a><\/li>\n<li><a href=\"https:\/\/www.thh-friedensau.de\/en\/social-sciences\/master-of-arts-counseling\/#requirements\">Master of Arts Counseling (GER)<\/a><\/li>\n<li><a href=\"https:\/\/www.thh-friedensau.de\/en\/theology\/masters-in-pastoral-ministry\/#requirements\">Pastoral Ministry M.A.<\/a><\/li>\n<li><a href=\"https:\/\/www.thh-friedensau.de\/en\/theology\/master-of-arts-theology\/#admission\">Master of Arts Theology (GER)<\/a><\/li>\n<li><a href=\"https:\/\/www.thh-friedensau.de\/en\/theology\/master-of-theological-studies\/#requirements\">Master of Theological Studies<\/a><\/li>\n<\/ul>\n<p>[\/vc_column_text][vc_column_text]<\/p>\n<h4>Application process<\/h4>\n<p>To apply for admission, all required documents must be submitted on time. The application deadlines vary depending on the degree programme, so it is advisable to find out about the individual deadlines well in advance.<br \/>\nFriedensau Adventist University is looking forward to welcoming new students and to accompanying them on their academic and personal development path. <a href=\"https:\/\/www.thh-friedensau.de\/en\/student-counselling-at-friedensau-adventist-university\/\">If you have any questions about the admission requirements or the application process, the Student Advisory Service team will be happy to help.<\/a>[\/vc_column_text][\/vc_column][\/vc_row]<\/p>\n<\/div>","protected":false},"excerpt":{"rendered":"<p>[vc_row el_class=&#8221;fullwidth&#8221;][vc_column][\/vc_column][\/vc_row][vc_row][vc_column][vc_column_text] Admission requirements Um an der Theologischen Hochschule Friedensau zum Studium zugelassen zu werden, gelten bestimmte Zulassungsvoraussetzungen, die sicherstellen, dass alle Studierenden \u00fcber die n\u00f6tigen Qualifikationen verf\u00fcgen, um erfolgreich studieren zu k\u00f6nnen.[\/vc_column_text][vc_column_text] Bachelor of Arts Social Work (Full and Part time | GER) Bachelor of Arts International Social Work Bachelor of Arts Theology (GER) [&hellip;]<\/p>\n","protected":false},"author":121,"featured_media":0,"parent":42137,"menu_order":3,"comment_status":"closed","ping_status":"closed","template":"","meta":{"_acf_changed":false,"footnotes":""},"coauthors":[145],"class_list":["post-42231","page","type-page","status-publish","hentry"],"acf":[],"_links":{"self":[{"href":"https:\/\/www.thh-friedensau.de\/en\/wp-json\/wp\/v2\/pages\/42231","targetHints":{"allow":["GET"]}}],"collection":[{"href":"https:\/\/www.thh-friedensau.de\/en\/wp-json\/wp\/v2\/pages"}],"about":[{"href":"https:\/\/www.thh-friedensau.de\/en\/wp-json\/wp\/v2\/types\/page"}],"author":[{"embeddable":true,"href":"https:\/\/www.thh-friedensau.de\/en\/wp-json\/wp\/v2\/users\/121"}],"replies":[{"embeddable":true,"href":"https:\/\/www.thh-friedensau.de\/en\/wp-json\/wp\/v2\/comments?post=42231"}],"version-history":[{"count":3,"href":"https:\/\/www.thh-friedensau.de\/en\/wp-json\/wp\/v2\/pages\/42231\/revisions"}],"predecessor-version":[{"id":45521,"href":"https:\/\/www.thh-friedensau.de\/en\/wp-json\/wp\/v2\/pages\/42231\/revisions\/45521"}],"up":[{"embeddable":true,"href":"https:\/\/www.thh-friedensau.de\/en\/wp-json\/wp\/v2\/pages\/42137"}],"wp:attachment":[{"href":"https:\/\/www.thh-friedensau.de\/en\/wp-json\/wp\/v2\/media?parent=42231"}],"wp:term":[{"taxonomy":"author","embeddable":true,"href":"https:\/\/www.thh-friedensau.de\/en\/wp-json\/wp\/v2\/coauthors?post=42231"}],"curies":[{"name":"wp","href":"https:\/\/api.w.org\/{rel}","templated":true}]}}