{"id":5231,"date":"2018-08-15T14:31:06","date_gmt":"2018-08-15T12:31:06","guid":{"rendered":"https:\/\/www.thh-friedensau.de\/aktuell\/termine\/"},"modified":"2025-07-22T17:49:18","modified_gmt":"2025-07-22T15:49:18","slug":"events","status":"publish","type":"page","link":"https:\/\/www.thh-friedensau.de\/en\/current-events\/events\/","title":{"rendered":"Events"},"content":{"rendered":"<div class=\"wpb-content-wrapper\"><p>[vc_row][vc_column][vc_column_text]<\/p>\n<h1>Events at <strong>&shy;Friedensau Adventist University&shy;<\/strong><\/h1>\n<p>[\/vc_column_text][vc_customButtonbox ct_icon=\"termine.svg\" ct_bgcolor=\"bg_white\" ct_flyingclass=\"fly\" ct_header=\"Regular events\"]<strong>Church Service<br \/>\n<\/strong><\/p>\n<ul>\n<li>All Church Service 10:00 bis 12:00 a.m. \u2013 DE (Chapel) and EN (Aula) and Senior citizens' home | incl. Bible Study<\/li>\n<li>L\u00dcP 112 | DE L\u00dcP 111 and 114 | Echtzeit L\u00dcP 113<\/li>\n<\/ul>\n<p><strong>Meeting under the word (Wednesday)<br \/>\n<\/strong>in Semester 09:50 a.m., German | English<\/p>\n<p><strong>Shabbat Shalom (Friday)<br \/>\n<\/strong>in Semester 07:30 p.m., German | English[\/vc_customButtonbox][vc_customFirstarticle ct_placeholder=\"Termin-\u00dcbersicht\"][\/vc_column][\/vc_row]<\/p>\n<\/div>","protected":false},"excerpt":{"rendered":"<p>[vc_row][vc_column][vc_column_text] Events at &shy;Friedensau Adventist University&shy; [\/vc_column_text][vc_customButtonbox ct_icon=&#8221;termine.svg&#8221; ct_bgcolor=&#8221;bg_white&#8221; ct_flyingclass=&#8221;fly&#8221; ct_header=&#8221;Regular events&#8221;]Church Service All Church Service 10:00 bis 12:00 a.m. \u2013 DE (Chapel) and EN (Aula) and Senior citizens&#8217; home | incl. Bible Study L\u00dcP 112 | DE L\u00dcP 111 and 114 | Echtzeit L\u00dcP 113 Meeting under the word (Wednesday) in Semester 09:50 a.m., [&hellip;]<\/p>\n","protected":false},"author":1,"featured_media":0,"parent":5222,"menu_order":2,"comment_status":"closed","ping_status":"closed","template":"","meta":{"_acf_changed":false,"footnotes":""},"coauthors":[4],"class_list":["post-5231","page","type-page","status-publish","hentry"],"acf":[],"_links":{"self":[{"href":"https:\/\/www.thh-friedensau.de\/en\/wp-json\/wp\/v2\/pages\/5231","targetHints":{"allow":["GET"]}}],"collection":[{"href":"https:\/\/www.thh-friedensau.de\/en\/wp-json\/wp\/v2\/pages"}],"about":[{"href":"https:\/\/www.thh-friedensau.de\/en\/wp-json\/wp\/v2\/types\/page"}],"author":[{"embeddable":true,"href":"https:\/\/www.thh-friedensau.de\/en\/wp-json\/wp\/v2\/users\/1"}],"replies":[{"embeddable":true,"href":"https:\/\/www.thh-friedensau.de\/en\/wp-json\/wp\/v2\/comments?post=5231"}],"version-history":[{"count":3,"href":"https:\/\/www.thh-friedensau.de\/en\/wp-json\/wp\/v2\/pages\/5231\/revisions"}],"predecessor-version":[{"id":46525,"href":"https:\/\/www.thh-friedensau.de\/en\/wp-json\/wp\/v2\/pages\/5231\/revisions\/46525"}],"up":[{"embeddable":true,"href":"https:\/\/www.thh-friedensau.de\/en\/wp-json\/wp\/v2\/pages\/5222"}],"wp:attachment":[{"href":"https:\/\/www.thh-friedensau.de\/en\/wp-json\/wp\/v2\/media?parent=5231"}],"wp:term":[{"taxonomy":"author","embeddable":true,"href":"https:\/\/www.thh-friedensau.de\/en\/wp-json\/wp\/v2\/coauthors?post=5231"}],"curies":[{"name":"wp","href":"https:\/\/api.w.org\/{rel}","templated":true}]}}