{"id":6153,"date":"2018-08-15T14:31:06","date_gmt":"2018-08-15T12:31:06","guid":{"rendered":"https:\/\/www.thh-friedensau.de\/life-on-campus\/geistliches-leben\/"},"modified":"2025-07-22T17:53:49","modified_gmt":"2025-07-22T15:53:49","slug":"spiritual-life","status":"publish","type":"page","link":"https:\/\/www.thh-friedensau.de\/en\/campus-life\/spiritual-life\/","title":{"rendered":"Spiritual Life"},"content":{"rendered":"<div class=\"wpb-content-wrapper\"><p>[vc_row][vc_column width=\"2\/3\"][vc_column_text]<\/p>\n<h2 class=\"widget-title\"><strong>Faith and spirituality<\/strong> on campus<\/h2>\n<div class=\"textwidget\">\n<p>Living and studying in Friedensau has a spiritual dimension, which makes it possible to reflect on the fundamental values of life in addition to the demands of studying, and is the doorway to an encounter with God.<\/p>\n<p>\"Faith in God is like the eternal beginning of a love: silence.\" (Jean Giraudoux). Moments of inner contemplation, of letting go and being silent, of listening and reflecting give orientation beyond the present instant. Friedensau Adventist University (FAU) wants to promote the experience of faith with church services, devotions, and spiritual guidance, and invites students to get involved and make their faith count.<\/p>\n<p>Under the motto \"Living faith together,\" the \"Spiritual Master Plan\" (SMP) of FAU gives insight into the foundations of its spiritual offers, which are based on the core idea: \"Finding God, being human, preparing for service\u2014living and studying at an Adventist university.\"<\/p>\n<p><a class=\"pdf\" target=\"_blank\" href=\"https:\/\/www.thh-friedensau.de\/content\/uploads\/SMP2018-Seite1-6.pdf\">Spiritual Masterplan of Friedensau Adventist University<\/a><\/p>\n<\/div>\n<p>[\/vc_column_text][\/vc_column][vc_column width=\"1\/3\"][vc_customButton ct_staff=\"Dittmar Dost #5617\" ct_staffcard=\"gro\u00dfe Karte\"][\/vc_column][\/vc_row][vc_row][vc_column][vc_column_text]<\/p>\n<h2>Shabbat Shalom | <strong>The Talk <\/strong>| Videos:<\/h2>\n<p>[\/vc_column_text][\/vc_column][\/vc_row][vc_row][vc_column width=\"1\/3\"][vc_customYoutubeVideo ct_video=\"https:\/\/youtu.be\/5jf9INDU4PI\" ct_image=\"31904\"][vc_column_text]<\/p>\n<p class=\"title style-scope ytd-video-primary-info-renderer\">Values in personal and social life | Kwaku Arhin-Sam<\/p>\n<p>[\/vc_column_text][\/vc_column][vc_column width=\"1\/3\"][vc_customYoutubeVideo ct_video=\"https:\/\/youtu.be\/IG9PSVkIg8s\" ct_image=\"31896\"][vc_column_text]<\/p>\n<p class=\"title style-scope ytd-video-primary-info-renderer\">Conflict of Values | Roland Fischer<\/p>\n<p>[\/vc_column_text][\/vc_column][vc_column width=\"1\/3\"][vc_customYoutubeVideo ct_video=\"https:\/\/youtu.be\/70oqvbkMZZE\" ct_image=\"31902\"][vc_column_text]Solving conficts of values non-violently? | Stefan H\u00f6schele[\/vc_column_text][\/vc_column][\/vc_row][vc_row][vc_column width=\"1\/3\"][vc_customYoutubeVideo ct_video=\"https:\/\/youtu.be\/tvjh92mEefo\" ct_image=\"31898\"][vc_column_text]Being a people person- value of empathy | Renate Dost[\/vc_column_text][\/vc_column][vc_column width=\"1\/3\"][vc_customYoutubeVideo ct_video=\"https:\/\/youtu.be\/jExHA4SYGzo\" ct_image=\"31909\"][vc_column_text]My generation, my values? | Andreas Bochmann[\/vc_column_text][\/vc_column][vc_column width=\"1\/3\"][vc_customYoutubeVideo ct_video=\"https:\/\/youtu.be\/IkAOs_ZMFw8\" ct_image=\"31911\"][vc_column_text]Passing of values- parenting challenge | L\u00e1szl\u00f3 Szab\u00f3[\/vc_column_text][\/vc_column][\/vc_row][vc_row][vc_column width=\"1\/3\"][vc_customYoutubeVideo ct_video=\"https:\/\/youtu.be\/NffzZnX7dSw\" ct_image=\"31907\"][vc_column_text]What values helped you as a former student? | Chigemezi N. Wogu[\/vc_column_text][\/vc_column][vc_column width=\"1\/3\"][vc_customYoutubeVideo ct_video=\"https:\/\/youtu.be\/wdkeExNvuPg\" ct_image=\"31900\"][vc_column_text]<\/p>\n<p class=\"title style-scope ytd-video-primary-info-renderer\">How to understand evolution of values? | Rolf P\u00f6hler<\/p>\n<p>[\/vc_column_text][\/vc_column][vc_column width=\"1\/3\"][vc_customYoutubeVideo ct_video=\"https:\/\/youtu.be\/aVr_C_b_TKU\" ct_image=\"31916\"][vc_column_text]<\/p>\n<p class=\"title style-scope ytd-video-primary-info-renderer\">How to keep our values in difficult times? | Ana &amp; Randeko Dzuver<\/p>\n<p>[\/vc_column_text][\/vc_column][\/vc_row][vc_row][vc_column width=\"1\/3\"][vc_customYoutubeVideo ct_video=\"https:\/\/youtu.be\/8ahWh9hVLU4\" ct_image=\"31914\"][vc_column_text]<\/p>\n<p class=\"title style-scope ytd-video-primary-info-renderer\">My culture, my values, how it matters? | Barbara &amp; Stefan Burton-Schn\u00fcll<\/p>\n<p>[\/vc_column_text][\/vc_column][vc_column width=\"1\/3\"][vc_customYoutubeVideo ct_video=\"https:\/\/youtu.be\/DbebUnv86Z8\" ct_image=\"31920\"][vc_column_text]<\/p>\n<p class=\"title style-scope ytd-video-primary-info-renderer\">How education shapes our core values | Roland Fischer<\/p>\n<p>[\/vc_column_text][\/vc_column][vc_column width=\"1\/3\"][vc_customYoutubeVideo ct_video=\"https:\/\/youtu.be\/n-b7PImi7d8\" ct_image=\"31918\"][vc_column_text]Values to deal with diversity | Hanna Arhin-Sam[\/vc_column_text][\/vc_column][\/vc_row][vc_row][vc_column width=\"1\/3\"][vc_customYoutubeVideo ct_video=\"https:\/\/youtu.be\/8NdodBfHb3g\" ct_image=\"31922\"][vc_column_text]<\/p>\n<p class=\"title style-scope ytd-video-primary-info-renderer\">Christian Values in a Secular Setting | Robinson Mogusu<\/p>\n<p>[\/vc_column_text][\/vc_column][vc_column width=\"1\/3\"][vc_customButtonbox ct_pagelink=\"Events #5231\" ct_bgcolor=\"bg_purple\" ct_button=\"Check Out Our Events\" ct_link=\"url:https%3A%2F%2Fwww.thh-friedensau.de%2Fen%2Fcurrent-events%2Fevents%2F|title:Current%20Events|target:_blank\"][\/vc_customButtonbox][\/vc_column][vc_column width=\"1\/3\"][\/vc_column][\/vc_row][vc_row][vc_column][\/vc_column][\/vc_row]<\/p>\n<\/div>","protected":false},"excerpt":{"rendered":"<p>[vc_row][vc_column width=&#8221;2\/3&#8243;][vc_column_text] Faith and spirituality on campus Living and studying in Friedensau has a spiritual dimension, which makes it possible to reflect on the fundamental values of life in addition to the demands of studying, and is the doorway to an encounter with God. &#8220;Faith in God is like the eternal beginning of a love: [&hellip;]<\/p>\n","protected":false},"author":1,"featured_media":0,"parent":5916,"menu_order":6,"comment_status":"closed","ping_status":"closed","template":"","meta":{"_acf_changed":false,"footnotes":""},"coauthors":[4],"class_list":["post-6153","page","type-page","status-publish","hentry"],"acf":[],"_links":{"self":[{"href":"https:\/\/www.thh-friedensau.de\/en\/wp-json\/wp\/v2\/pages\/6153","targetHints":{"allow":["GET"]}}],"collection":[{"href":"https:\/\/www.thh-friedensau.de\/en\/wp-json\/wp\/v2\/pages"}],"about":[{"href":"https:\/\/www.thh-friedensau.de\/en\/wp-json\/wp\/v2\/types\/page"}],"author":[{"embeddable":true,"href":"https:\/\/www.thh-friedensau.de\/en\/wp-json\/wp\/v2\/users\/1"}],"replies":[{"embeddable":true,"href":"https:\/\/www.thh-friedensau.de\/en\/wp-json\/wp\/v2\/comments?post=6153"}],"version-history":[{"count":3,"href":"https:\/\/www.thh-friedensau.de\/en\/wp-json\/wp\/v2\/pages\/6153\/revisions"}],"predecessor-version":[{"id":46528,"href":"https:\/\/www.thh-friedensau.de\/en\/wp-json\/wp\/v2\/pages\/6153\/revisions\/46528"}],"up":[{"embeddable":true,"href":"https:\/\/www.thh-friedensau.de\/en\/wp-json\/wp\/v2\/pages\/5916"}],"wp:attachment":[{"href":"https:\/\/www.thh-friedensau.de\/en\/wp-json\/wp\/v2\/media?parent=6153"}],"wp:term":[{"taxonomy":"author","embeddable":true,"href":"https:\/\/www.thh-friedensau.de\/en\/wp-json\/wp\/v2\/coauthors?post=6153"}],"curies":[{"name":"wp","href":"https:\/\/api.w.org\/{rel}","templated":true}]}}