{"id":8767,"date":"2019-01-30T14:17:47","date_gmt":"2019-01-30T13:17:47","guid":{"rendered":"https:\/\/www.thh-friedensau.de\/?page_id=8767"},"modified":"2025-02-04T18:25:33","modified_gmt":"2025-02-04T17:25:33","slug":"institute-of-mission-studies","status":"publish","type":"page","link":"https:\/\/www.thh-friedensau.de\/en\/about\/research\/theology-social-sciences\/institute-of-mission-studies\/","title":{"rendered":"Arthur Daniells Institute of Mission Studies"},"content":{"rendered":"<div class=\"wpb-content-wrapper\"><p>[vc_row][vc_column width=\"1\/2\"][vc_column_text]<\/p>\n<div id=\"pg-7316-0\" class=\"panel-grid panel-no-style\">\n<div id=\"pgc-7316-0-0\" class=\"panel-grid-cell\">\n<div id=\"panel-7316-0-0-0\" class=\"so-panel widget widget_black-studio-tinymce widget_black_studio_tinymce panel-first-child\" data-index=\"0\">\n<h3>Arthur Daniells Institute of Mission Studies (ADIMIS)<\/h3>\n<p><strong><img loading=\"lazy\" decoding=\"async\" class=\" wp-image-18083 alignleft\" src=\"https:\/\/www.thh-friedensau.de\/content\/uploads\/Logo_ADiMiS_EN-1500x1105.jpg\" alt=\"\" width=\"285\" height=\"210\" srcset=\"https:\/\/www.thh-friedensau.de\/content\/uploads\/Logo_ADiMiS_EN-1500x1105.jpg 1500w, https:\/\/www.thh-friedensau.de\/content\/uploads\/Logo_ADiMiS_EN-2000x1473.jpg 2000w, https:\/\/www.thh-friedensau.de\/content\/uploads\/Logo_ADiMiS_EN-800x589.jpg 800w, https:\/\/www.thh-friedensau.de\/content\/uploads\/Logo_ADiMiS_EN-1536x1132.jpg 1536w, https:\/\/www.thh-friedensau.de\/content\/uploads\/Logo_ADiMiS_EN-2048x1509.jpg 2048w, https:\/\/www.thh-friedensau.de\/content\/uploads\/Logo_ADiMiS_EN-500x368.jpg 500w, https:\/\/www.thh-friedensau.de\/content\/uploads\/Logo_ADiMiS_EN-350x258.jpg 350w\" sizes=\"auto, (max-width: 285px) 100vw, 285px\" \/>Interdisciplinary Institute for Theological and Socio-Scientific Research in Church Development and Mission<\/strong><\/p>\n<p>The members of the ADIMIS do research and teaching in the whole field of missiology.\u00a0 Currently, the focus is on studies on church development and regional research (especially, Eastern Europe and Africa).<\/p>\n<p><a href=\"http:\/\/www.adimis.org\"><strong>More information about study tours, further education opportunities and research projects can be found on our website.<\/strong><\/a><\/p>\n<p>E: <script>em(\"adi&#109;&#105;&#115;\", \"thh&#045;f&#114;&#105;&#101;&#100;&#101;ns&#097;&#117;\", \"&#100;&#101;\")<\/script><\/p>\n<\/div>\n\n<\/div>\n<\/div>\n<p>[\/vc_column_text][\/vc_column][vc_column width=\"1\/2\"][vc_customSingleimage ct_image=\"22292\" ct_link=\"url:https%3A%2F%2Fadimis.org%2Fen%2Fsmall-group-leader-training|target:_blank\"][\/vc_customSingleimage][vc_customSingleimage ct_image=\"22294\" ct_link=\"url:https%3A%2F%2Fadimis.org%2Fhu%2Fconsultation-and-coaching|target:_blank\"][\/vc_customSingleimage][vc_customSingleimage ct_image=\"22296\" ct_link=\"url:https%3A%2F%2Fadimis.org%2Fen%2Fresearch-and-analysis|target:_blank\"][\/vc_customSingleimage][vc_customSingleimage ct_image=\"22298\" ct_link=\"url:https%3A%2F%2Fadimis.org%2Fen%2Fexchange|target:_blank\"][\/vc_customSingleimage][\/vc_column][\/vc_row][vc_row][vc_column][vc_column_text]<\/p>\n<h4><b>Project in Tanzania<\/b><b><\/b><\/h4>\n<p>We support the education of the Maasai by providing a primary school. The school currently has about 300 students and teaches preschool through 7th grade. The school is now officially recognized by the government but relies on donations to operate.<\/p>\n<p>The cooperation with Burger Roland-Gymnasium (High School), was formalised in writing on 8 February 2019 with a cooperation agreement. It envisages linking the work of the ThHF project group on-site in Tanzania with pupils from a preschool, thus making active development cooperation tangible. To this end, representatives of the ThHF and students from different departments travel to Tanzania every year for project assignments. They plan to report on this to the pupils at Burger Gymnasium in lessons or project days and to accompany them on specific media or climate projects. Teacher Ralf Sieber is organising the collaboration for Burger Roland-Gymnasium. The project manager from the university is Dr L\u00e1szl\u00f3 Szab\u00f3, who has been in charge of the ThHF's work in Tanzania since 2009.[\/vc_column_text][vc_customImageGallery ct_images=\"43888,43890,43897,43894,43892,43886,43899,43884\"][\/vc_column][\/vc_row][vc_row][vc_column width=\"1\/2\"][vc_customYoutubeVideo ct_video=\"https:\/\/youtu.be\/R1j4ry_jnN4?si=Dfh4arE_wd59TsnI\" ct_image=\"33027\"][\/vc_column][vc_column width=\"1\/2\"][vc_customYoutubeVideo ct_video=\"https:\/\/youtu.be\/lbnPTs-aHfU?si=vbwCG0y9fiFzFoCO\" ct_image=\"33025\"][\/vc_column][\/vc_row][vc_row][vc_column][vc_column_text]<\/p>\n<p style=\"font-weight: 400\">You are also welcome to support our work financially.<\/p>\n<p style=\"font-weight: 400\">Donation account:<\/p>\n<p style=\"font-weight: 400\"><strong>Friedensauer Hochschul-Stiftung<\/strong><br \/>\n<strong>Bank f\u00fcr Sozialwirtschaft<\/strong><\/p>\n<p style=\"font-weight: 400\"><strong><u>Purpose: ADIMIS<\/u><\/strong><br \/>\n<strong>IBAN: DE53 8102 0500 0001 4854 00\u00a0<\/strong><br \/>\n<strong>BIC: BFSWDE33MAG<\/strong><\/p>\n<p style=\"font-weight: 400\">These donations will only be used for a specific purpose according to the wishes. You can donate to the foundation by single or permanent donation (standing order or direct debit authorisation).<\/p>\n<p style=\"font-weight: 400\">Upon request, FAU will issue a donation receipt.<\/p>\n<p>[\/vc_column_text][\/vc_column][\/vc_row][vc_row][vc_column width=\"1\/3\"][vc_customButton ct_staff=\"L\u00e1szl\u00f3 Szab\u00f3 #4960\" ct_staffcard=\"gro\u00dfe Karte\"][\/vc_column][vc_column width=\"1\/3\"][vc_customButton ct_staff=\"Szilvia Szab\u00f3 #5054\" ct_staffcard=\"gro\u00dfe Karte\"][\/vc_column][vc_column width=\"1\/3\"][vc_customButton ct_staff=\"Stefan H\u00f6schele #4556\" ct_staffcard=\"gro\u00dfe Karte\"][\/vc_column][\/vc_row][vc_row][vc_column][\/vc_column][\/vc_row]<\/p>\n<\/div>","protected":false},"excerpt":{"rendered":"<p>[vc_row][vc_column width=&#8221;1\/2&#8243;][vc_column_text] Arthur Daniells Institute of Mission Studies (ADIMIS) Interdisciplinary Institute for Theological and Socio-Scientific Research in Church Development and Mission The members of the ADIMIS do research and teaching in the whole field of missiology.\u00a0 Currently, the focus is on studies on church development and regional research (especially, Eastern Europe and Africa). More information [&hellip;]<\/p>\n","protected":false},"author":12,"featured_media":0,"parent":8927,"menu_order":9,"comment_status":"closed","ping_status":"closed","template":"","meta":{"_acf_changed":false,"footnotes":""},"coauthors":[15],"class_list":["post-8767","page","type-page","status-publish","hentry"],"acf":[],"_links":{"self":[{"href":"https:\/\/www.thh-friedensau.de\/en\/wp-json\/wp\/v2\/pages\/8767","targetHints":{"allow":["GET"]}}],"collection":[{"href":"https:\/\/www.thh-friedensau.de\/en\/wp-json\/wp\/v2\/pages"}],"about":[{"href":"https:\/\/www.thh-friedensau.de\/en\/wp-json\/wp\/v2\/types\/page"}],"author":[{"embeddable":true,"href":"https:\/\/www.thh-friedensau.de\/en\/wp-json\/wp\/v2\/users\/12"}],"replies":[{"embeddable":true,"href":"https:\/\/www.thh-friedensau.de\/en\/wp-json\/wp\/v2\/comments?post=8767"}],"version-history":[{"count":4,"href":"https:\/\/www.thh-friedensau.de\/en\/wp-json\/wp\/v2\/pages\/8767\/revisions"}],"predecessor-version":[{"id":43906,"href":"https:\/\/www.thh-friedensau.de\/en\/wp-json\/wp\/v2\/pages\/8767\/revisions\/43906"}],"up":[{"embeddable":true,"href":"https:\/\/www.thh-friedensau.de\/en\/wp-json\/wp\/v2\/pages\/8927"}],"wp:attachment":[{"href":"https:\/\/www.thh-friedensau.de\/en\/wp-json\/wp\/v2\/media?parent=8767"}],"wp:term":[{"taxonomy":"author","embeddable":true,"href":"https:\/\/www.thh-friedensau.de\/en\/wp-json\/wp\/v2\/coauthors?post=8767"}],"curies":[{"name":"wp","href":"https:\/\/api.w.org\/{rel}","templated":true}]}}