{"id":8771,"date":"2019-01-30T14:20:10","date_gmt":"2019-01-30T13:20:10","guid":{"rendered":"https:\/\/www.thh-friedensau.de\/?page_id=8771"},"modified":"2023-05-16T00:45:42","modified_gmt":"2023-05-15T22:45:42","slug":"institute-for-religious-freedom","status":"publish","type":"page","link":"https:\/\/www.thh-friedensau.de\/en\/about\/research\/theology-social-sciences\/institute-for-religious-freedom\/","title":{"rendered":"Institute for Religious Freedom"},"content":{"rendered":"<div class=\"wpb-content-wrapper\"><p>[vc_row][vc_column][vc_column_text]<\/p>\n<div id=\"pg-7329-0\" class=\"panel-grid panel-no-style\">\n<div id=\"pgc-7329-0-0\" class=\"panel-grid-cell\">\n<div id=\"panel-7329-0-0-0\" class=\"so-panel widget widget_black-studio-tinymce widget_black_studio_tinymce panel-first-child\" data-index=\"0\">\n<h3><span lang=\"EN-US\">Institute for Religious Freedom (associated institute)<\/span><\/h3>\n<p>The Institute for Religious Freedom is an institution of the German Association for Religious Freedom (Deutsche Vereinigung f\u00fcr Religionsfreiheit e.V.) at FAU. The aim is to discuss in a scientific manner national and international issues of religious freedom as well as the relation between church and state from a legal, theological, and historical point of view. The findings and answers that, in particular, consider concerns of free churches and religious minorities are to be made available. It is important to observe the way in which religious freedom is guaranteed and to document violations, where necessary.<\/p>\n<p>The Institute offers to award and accompany research contracts and to issue expert opinions on current issues of freedom of religion and conscience, taking into account aspects of religious law and \/ or state church law. The Institute can also take part in public relations.<\/p>\n<h3>Relevant publications<\/h3>\n<p><a class=\"pdf\" href=\"https:\/\/www.thh-friedensau.de\/content\/uploads\/Rezension-Sauer_Harald-Mueller.pdf\" target=\"_blank\" rel=\"noopener\">Rezension<\/a> Harald Mueller zu: <a href=\"https:\/\/www.thh-friedensau.de\/content\/uploads\/Cover-Habil-Sauer-Martyrium-und-Mission-mit-ISBN.jpg\">Christof Sauer \u201eMartyrium und Mission im Kontext\u201c<\/a>. Analyse ausgew\u00e4hlter theologischer Positionen aus der weltweiten Christenheit. Missionswissenschaftliche Forschungen, Neue Folge, Band 37, 486 Seiten. Erlangen: Verlag f\u00fcr Mission und \u00d6kumene 2021. <a class=\"pdf\" href=\"https:\/\/www.thh-friedensau.de\/content\/uploads\/Rezension-Martyrium-und-Mission-im-Kontext-von-Matthias-Adt.pdf\" target=\"_blank\" rel=\"noopener\">Rezension Matthias Adt<\/a>, Human Rights FAU Erlangen | Internationale Informationsstelle f\u00fcr Religionsfreiheit e.V.<\/p>\n<p>Harald Mueller: Welchen Platz hat die Religion an \u00f6ffentlichen Schulen?, Dialog Jan.-Febr. 2010, 5\u20136.<\/p>\n<p>Harald Mueller: Zur rechtlichen Lage von Freikirchen im Deutschland des 19. Jahrhunderts, Spes Christiana 17, 2006, 21\u201344: <a class=\"pdf\" target=\"_blank\" href=\"https:\/\/www.thh-friedensau.de\/content\/uploads\/Harald-M\u00fcller.-Zur-rechtlichen-Lage-von-Freikirchen-im-Deutschland-des-19.-Jahrhunderts.pdf\">PDF<\/a><\/p>\n<p>Gewissen und Freiheit, hg. von der Internationalen Vereinigung zur Verteidigung und F\u00f6rderung der Religionsfreiheit. Yearbook.<\/p>\n<h3>Documents and commentaries published by the Institute<\/h3>\n<p><a class=\"pdf\" target=\"_blank\" href=\"https:\/\/www.thh-friedensau.de\/content\/uploads\/Umfrage-zu-Diskriminierungen-wegen-der-Religion.pdf\">Umfrage zu Diskriminierungen wegen der Religion, 2014<\/a><\/p>\n<p>\u00dcberblick \u00fcber die in den evangelischen Landeskirchen Deutschlands g\u00fcltigen Vokationsbestimmungen, 2009<\/p>\n<p>Stellungnahme zur Kruzifix-Entscheidung des EuGHMR vom 3.11.2009<\/p>\n<p>Befragung der deutschen Kultusministerien 2006: Unterrichtsbefreiung an Samstagen<\/p>\n<\/div>\n<\/div>\n<\/div>\n<p>[\/vc_column_text][\/vc_column][\/vc_row][vc_row][vc_column][vc_column_text]<\/p>\n<h3>Institute Director<\/h3>\n<p>[\/vc_column_text][vc_customButton ct_staff=\"Harald Mueller #6558\" ct_staffcard=\"gro\u00dfe Karte\"][\/vc_column][\/vc_row]<\/p>\n<\/div>","protected":false},"excerpt":{"rendered":"<p>[vc_row][vc_column][vc_column_text] Institute for Religious Freedom (associated institute) The Institute for Religious Freedom is an institution of the German Association for Religious Freedom (Deutsche Vereinigung f\u00fcr Religionsfreiheit e.V.) at FAU. The aim is to discuss in a scientific manner national and international issues of religious freedom as well as the relation between church and state from [&hellip;]<\/p>\n","protected":false},"author":12,"featured_media":0,"parent":8927,"menu_order":10,"comment_status":"closed","ping_status":"closed","template":"","meta":{"_acf_changed":false,"footnotes":""},"coauthors":[15],"class_list":["post-8771","page","type-page","status-publish","hentry"],"acf":[],"_links":{"self":[{"href":"https:\/\/www.thh-friedensau.de\/en\/wp-json\/wp\/v2\/pages\/8771","targetHints":{"allow":["GET"]}}],"collection":[{"href":"https:\/\/www.thh-friedensau.de\/en\/wp-json\/wp\/v2\/pages"}],"about":[{"href":"https:\/\/www.thh-friedensau.de\/en\/wp-json\/wp\/v2\/types\/page"}],"author":[{"embeddable":true,"href":"https:\/\/www.thh-friedensau.de\/en\/wp-json\/wp\/v2\/users\/12"}],"replies":[{"embeddable":true,"href":"https:\/\/www.thh-friedensau.de\/en\/wp-json\/wp\/v2\/comments?post=8771"}],"version-history":[{"count":0,"href":"https:\/\/www.thh-friedensau.de\/en\/wp-json\/wp\/v2\/pages\/8771\/revisions"}],"up":[{"embeddable":true,"href":"https:\/\/www.thh-friedensau.de\/en\/wp-json\/wp\/v2\/pages\/8927"}],"wp:attachment":[{"href":"https:\/\/www.thh-friedensau.de\/en\/wp-json\/wp\/v2\/media?parent=8771"}],"wp:term":[{"taxonomy":"author","embeddable":true,"href":"https:\/\/www.thh-friedensau.de\/en\/wp-json\/wp\/v2\/coauthors?post=8771"}],"curies":[{"name":"wp","href":"https:\/\/api.w.org\/{rel}","templated":true}]}}